{"id":790,"date":"2020-03-20T08:15:18","date_gmt":"2020-03-20T08:15:18","guid":{"rendered":"https:\/\/www.pymalmansa.com\/?page_id=790\/"},"modified":"2024-03-01T15:40:14","modified_gmt":"2024-03-01T15:40:14","slug":"politica-privacidad-datos","status":"publish","type":"page","link":"https:\/\/www.pymalmansa.com\/es\/politica-privacidad-datos\/","title":{"rendered":"Pol\u00edtica de Privacidad de Datos"},"content":{"rendered":"<div class=\"fusion-fullwidth fullwidth-box fusion-builder-row-1 hundred-percent-fullwidth non-hundred-percent-height-scrolling\" style=\"--awb-border-radius-top-left:0px;--awb-border-radius-top-right:0px;--awb-border-radius-bottom-right:0px;--awb-border-radius-bottom-left:0px;--awb-overflow:visible;--awb-flex-wrap:wrap;\" ><div class=\"fusion-builder-row fusion-row\"><div class=\"fusion-layout-column fusion_builder_column fusion-builder-column-0 fusion_builder_column_1_1 1_1 fusion-one-full fusion-column-first fusion-column-last\" style=\"--awb-bg-size:cover;\"><div class=\"fusion-column-wrapper fusion-flex-column-wrapper-legacy\"><div class=\"fusion-text fusion-text-1\"><ol>\n<li><strong>IDENTIFICACI\u00d3N DEL TITULAR<\/strong><\/li>\n<\/ol>\n<p><strong>Denominaci\u00f3n Social: PIEDRAS Y M\u00c1RMOLES ALMANSA, S.A<\/strong><\/p>\n<p><strong>Domicilio Social: Carrer Bilbao, 1- 08339 Vilassar de Dalt (Barcelona)<\/strong><\/p>\n<p><strong>NIF<\/strong>: <strong>A-08723041<\/strong><\/p>\n<p><strong>Tel: 93 753 15 61<\/strong><\/p>\n<p><strong>e-Mail: <a href=\"mailto:info@pymalmansa.com\">info@pymalmansa.com<\/a><\/strong><\/p>\n<p><strong>\u00a0<\/strong><\/p>\n<p>Es el titular del sitio web que Usted visita, siendo el Responsable del tratamiento de los datos personales del Usuario, por lo que en el tratamiento de sus datos de car\u00e1cter personal, garantiza el cumplimiento de la normativa vigente en materia de protecci\u00f3n de datos LOPDGDD- Ley Org\u00e1nica 3\/2018 de 5 de Diciembre, el Reglamento (UE) 2016\/679 de 27 de abril de 2016 (RGPD) relativo a la protecci\u00f3n de las personas f\u00edsicas en lo que respecta al tratamiento de datos personales y a la libre circulaci\u00f3n de estos datos, as\u00ed como a la Ley 34\/2002, de 11 de julio, sobre Servicios de la Sociedad de la Informaci\u00f3n y el Comercio Electr\u00f3nico (LSSICE o LSSI), por lo que se le facilita la siguiente informaci\u00f3n sobre el tratamiento de sus datos:<\/p>\n<p><strong>Finalidad del tratamiento<\/strong>: mantener una relaci\u00f3n comercial con el Usuario y\/o atender sus peticiones o consultes.<\/p>\n<p>Esta pol\u00edtica de privacidad establece la forma y proporciona la informaci\u00f3n necesaria sobre la gesti\u00f3n y el tratamiento de los datos personales recogidos en esta web. <strong>El usuario deber\u00e1 <u>leerla y aceptarla<\/u> antes de seguir en la misma. <\/strong><\/p>\n<ol start=\"2\">\n<li><strong>MENORES<\/strong><\/li>\n<\/ol>\n<p>Queda prohibido el acceso y uso de este sitio Web a los menores de 18 a\u00f1os que no est\u00e9n debidamente autorizados. <strong>\u00a0<\/strong><\/p>\n<p><strong>PIEDRAS Y M\u00c1RMOLES ALMANSA, S.A. <\/strong>informa que existen programas inform\u00e1ticos para acotar la navegaci\u00f3n mediante el filtro o bloqueo a determinados contenidos<\/p>\n<ol start=\"3\">\n<li><strong>ENV\u00cdO Y REGISTRO DE DATOS PERSONALES<\/strong><\/li>\n<\/ol>\n<p>El env\u00edo de datos de car\u00e1cter personal es obligatorio para solicitar informaci\u00f3n, contactar, suscribirse a nuestros boletines y\/o realizar operaciones comerciales o mercantiles con<strong> PIEDRAS Y M\u00c1RMOLES ALMANSA, S.A. <\/strong>\u00a0No facilitar los datos personales solicitados o el no aceptar la presente pol\u00edtica de protecci\u00f3n de datos supone la imposibilidad de llevar a cabo las solicitudes realizadas por el interesado o suscribirse a nuestros boletines.<\/p>\n<ol start=\"4\">\n<li><strong>FINALIDAD DEL TRATAMIENTO DE DATOS <\/strong><\/li>\n<\/ol>\n<p>Los datos que le solicitamos en todo momento, son los adecuados, pertinentes y estrictamente necesarios para la finalidad para la que se recogen. Como usuario nos certifica que todos los datos que nos env\u00ede o proporcione a trav\u00e9s de estos formularios son ciertos, veraces y pertinentes para la finalidad que han sido solicitados. <strong>En funci\u00f3n del formulario o apartado al que acceda, la informaci\u00f3n que nos proporcione se utilizar\u00e1 para las finalidades descritas a continuaci\u00f3n:<\/strong><\/p>\n<ol>\n<li>Las que particularmente indiquemos en cada una de las p\u00e1ginas donde aparezca el formulario de electr\u00f3nico de registro, contacto, consulta o similar.<\/li>\n<li>Atender sus solicitudes e informar sobre nuestros servicios, encargos o cualquier tipo de petici\u00f3n que realice a trav\u00e9s de cualquiera de las formas de contacto de nuestra web.<\/li>\n<li>Para facilitar a nuestros usuarios la suscripci\u00f3n a nuestras publicaciones, noticias peri\u00f3dicas o blog.<\/li>\n<li>Para poder elaborar estad\u00edsticas con fines comerciales.<\/li>\n<li>Para enviar comunicaciones comerciales propias relacionadas con nuestros productos, servicios, novedades o promociones, a trav\u00e9s de cualquier medio electr\u00f3nico, postal o telef\u00f3nico, as\u00ed como de empresas que colaboren con <strong>PIEDRAS Y M\u00c1RMOLES ALMANSA, S.A. <\/strong>. Estos terceros nunca tendr\u00e1n acceso a sus datos personales, y estas comunicaciones siempre ser\u00e1n sobre productos y servicios relacionados con nuestro sector.<\/li>\n<li><strong>CONFIDENCIALIDAD, CONSERVACI\u00d3N Y CESI\u00d3N DE DATOS<\/strong><\/li>\n<\/ol>\n<p>Sus datos ser\u00e1n tratados con la m\u00e1xima confidencialidad por todos nuestros colaboradores o empleados en cualquier fase de los servicios que prestamos, siendo sus datos utilizados exclusivamente con las finalidades que le hemos indicado anteriormente.<\/p>\n<p>&nbsp;<\/p>\n<p>Sus datos ser\u00e1n conservados por el plazo imprescindible para llevar a cabo el encargo encomendado, as\u00ed como para cumplir con la legislaci\u00f3n vigente. En el caso de aceptar recibir comunicaciones comerciales de <strong>PIEDRAS Y M\u00c1RMOLES ALMANSA, S.A.,<\/strong> ser\u00e1n conservados mientras no solicite su cancelaci\u00f3n.<\/p>\n<p>&nbsp;<\/p>\n<p><strong>PIEDRAS Y M\u00c1RMOLES ALMANSA, S.A., <\/strong>le garantiza que sus datos no ser\u00e1n cedidos ni comunicados a ning\u00fan tercero, excepto en los casos legalmente previstos y en el caso en que dicha cesi\u00f3n se encuentre amparada por las leyes, o bien sea imprescindible para poder cumplir el servicio solicitado y\/o contratado. En el caso de ceder sus datos fuera de estos supuestos le solicitaremos su autorizaci\u00f3n expresamente.<\/p>\n<p>&nbsp;<\/p>\n<p>No realizamos transferencias internacionales de datos fuera de la Uni\u00f3n Europea.<\/p>\n<ol start=\"6\">\n<li><strong>INCORPORACI\u00d3N DE DATOS DE TERCEROS<\/strong><\/li>\n<\/ol>\n<p>En el caso de que nos facilite datos de car\u00e1cter personal de terceras personas, declara que ha sido autorizado por esas personas para facilitar sus datos, y que les ha informado antes de todo lo que recoge esta pol\u00edtica de privacidad, especialmente de los datos nuestra empresa y de c\u00f3mo ejercer los derechos que sobre el tratamiento de sus datos<strong>. PIEDRAS Y M\u00c1RMOLES ALMANSA, S.A. , no asume ninguna responsabilidad sobre los datos de estos terceros que nos proporcione, siendo su exclusiva responsabilidad disponer de la autorizaci\u00f3n de los titulares y proporcionarles la informaci\u00f3n necesaria sobre el tratamiento de sus datos.<\/strong><\/p>\n<ol start=\"7\">\n<li><strong>EJERCICIO DE DERECHOS<\/strong><\/li>\n<\/ol>\n<p>En todo momento, nos podr\u00e1 remitir una comunicaci\u00f3n por escrito al domicilio social de <strong>PIEDRAS Y M\u00c1RMOLES ALMANSA, S.A. , <\/strong>o al correo electr\u00f3nico que figura en nuestra web, para ejercer sus derechos de acceso, rectificaci\u00f3n, portabilidad y supresi\u00f3n de sus datos, as\u00ed como la limitaci\u00f3n u oposici\u00f3n deber\u00e1 incluir una fotocopia de su DNI u otro documento que nos permita identificarle<\/p>\n<p>&nbsp;<\/p>\n<p>Los derechos que puede ejercer son los siguientes:<\/p>\n<p>&nbsp;<\/p>\n<ol>\n<li>Derecho de acceso, rectificaci\u00f3n, portabilidad y supresi\u00f3n de sus datos, as\u00ed como la limitaci\u00f3n u oposici\u00f3n a su tratamiento.<\/li>\n<li>Derecho a realizar una reclamaci\u00f3n ante la autoridad de control, en este caso, la <strong>Agencia Espa\u00f1ola de Protecci\u00f3n de Datos <a href=\"http:\/\/www.agpd.es\">www.agpd.es<\/a> <\/strong>\u00a0si lo considera oportuno.<\/li>\n<li>Derecho a cursar baja en nuestros servicios de subscripci\u00f3n, enviando un correo electr\u00f3nico a: <strong><a href=\"mailto:info@pymalmansa.com\">info@pymalmansa.com<\/a><\/strong> indicando en su solicitud: <strong>BAJA SUSCRIPCI\u00d3N.<\/strong><\/li>\n<li>Derecho a revocar el consentimiento prestado para el tratamiento de sus datos en cualquier momento siempre que sea posible. Si bien esta revocaci\u00f3n en ning\u00fan caso tendr\u00e1 car\u00e1cter retroactivo.<\/li>\n<\/ol>\n<ol start=\"8\">\n<li><strong>ACEPTACI\u00d3N Y CONSENTIMIENTO<\/strong><\/li>\n<\/ol>\n<p>Marcando las casillas de aceptaci\u00f3n obligatoria de nuestra <strong>\u201cPol\u00edtica de Privacidad\u201d<\/strong> y <strong>\u201c Aviso Legal\u201d<\/strong>\u00a0 y la entrada de datos en los campos de nuestros formularios, el usuario acepta expresamente y de forma libre e inequ\u00edvoca, que sus datos son necesarios para atender su petici\u00f3n, declarando haber sido informado de las condiciones sobre protecci\u00f3n de datos de car\u00e1cter personal, aceptando y por tanto consintiendo el tratamiento de sus datos por parte de <strong>PIEDRAS Y M\u00c1RMOLES ALMANSA, S.A. ,<\/strong> en la forma y para las finalidades indicadas en la presente Pol\u00edtica de Privacidad.<\/p>\n<ol start=\"9\">\n<li>MEDIDAS DE SEGURIDAD<\/li>\n<\/ol>\n<p><strong>PIEDRAS Y M\u00c1RMOLES ALMANSA, S.A. , <\/strong>ha adoptado todas las medidas t\u00e9cnicas y organizativas necesarias para garantizar la seguridad de los datos personales que nos proporcione. Evitando as\u00ed su alteraci\u00f3n, p\u00e9rdida, tratamientos o accesos no autorizados. <strong>No obstante, lo anterior, el usuario reconoce y acepta que las medidas de seguridad en Internet no son seguras al cien por cien.<\/strong><\/p>\n<ol start=\"10\">\n<li>MODIFICACIONES DE LA PRESENTE POL\u00cdTICA DE PRIVACIDAD<\/li>\n<\/ol>\n<p><strong>PIEDRAS Y M\u00c1RMOLES ALMANSA, S.A., <\/strong>puede alterar la presente pol\u00edtica de privacidad para adaptarla a las modificaciones que se produzcan o por los cambios legislativos que vayan apareciendo y afecten a las pol\u00edticas recogidas en este documento. Como consecuencia, recomendamos que lo revise peri\u00f3dicamente, as\u00ed como que se ponga en con nosotros ante cualquier tipo de duda o incidencia en el correo electr\u00f3nico: <strong><a href=\"mailto:info@pymalmansa.com\">info@pymalmansa.com<\/a><\/strong>o en la direcci\u00f3n y tel\u00e9fonos de contacto que figuran en nuestra web.<\/p>\n<\/div><div class=\"fusion-clearfix\"><\/div><\/div><\/div><\/div><\/div>\n","protected":false},"excerpt":{"rendered":"","protected":false},"author":1,"featured_media":0,"parent":0,"menu_order":16,"comment_status":"closed","ping_status":"closed","template":"","meta":{"footnotes":""},"yoast_head":"<!-- This site is optimized with the Yoast SEO plugin v22.3 - https:\/\/yoast.com\/wordpress\/plugins\/seo\/ -->\n<title>Pol\u00edtica de Privacidad de Datos - Piedras y M\u00e1rmoles Almansa<\/title>\n<meta name=\"robots\" content=\"index, follow, max-snippet:-1, max-image-preview:large, max-video-preview:-1\" \/>\n<link rel=\"canonical\" href=\"https:\/\/www.pymalmansa.com\/es\/politica-privacidad-datos\/\" \/>\n<meta property=\"og:locale\" content=\"es_ES\" \/>\n<meta property=\"og:type\" content=\"article\" \/>\n<meta property=\"og:title\" content=\"Pol\u00edtica de Privacidad de Datos - Piedras y M\u00e1rmoles Almansa\" \/>\n<meta property=\"og:url\" content=\"https:\/\/www.pymalmansa.com\/es\/politica-privacidad-datos\/\" \/>\n<meta property=\"og:site_name\" content=\"Piedras y M\u00e1rmoles Almansa\" \/>\n<meta property=\"article:modified_time\" content=\"2024-03-01T15:40:14+00:00\" \/>\n<meta name=\"twitter:card\" content=\"summary_large_image\" \/>\n<meta name=\"twitter:label1\" content=\"Tiempo de lectura\" \/>\n\t<meta name=\"twitter:data1\" content=\"7 minutos\" \/>\n<script type=\"application\/ld+json\" class=\"yoast-schema-graph\">{\"@context\":\"https:\/\/schema.org\",\"@graph\":[{\"@type\":\"WebPage\",\"@id\":\"https:\/\/www.pymalmansa.com\/es\/politica-privacidad-datos\/\",\"url\":\"https:\/\/www.pymalmansa.com\/es\/politica-privacidad-datos\/\",\"name\":\"Pol\u00edtica de Privacidad de Datos - Piedras y M\u00e1rmoles Almansa\",\"isPartOf\":{\"@id\":\"https:\/\/www.pymalmansa.com\/#website\"},\"datePublished\":\"2020-03-20T08:15:18+00:00\",\"dateModified\":\"2024-03-01T15:40:14+00:00\",\"breadcrumb\":{\"@id\":\"https:\/\/www.pymalmansa.com\/es\/politica-privacidad-datos\/#breadcrumb\"},\"inLanguage\":\"es\",\"potentialAction\":[{\"@type\":\"ReadAction\",\"target\":[\"https:\/\/www.pymalmansa.com\/es\/politica-privacidad-datos\/\"]}]},{\"@type\":\"BreadcrumbList\",\"@id\":\"https:\/\/www.pymalmansa.com\/es\/politica-privacidad-datos\/#breadcrumb\",\"itemListElement\":[{\"@type\":\"ListItem\",\"position\":1,\"name\":\"Inici\",\"item\":\"https:\/\/www.pymalmansa.com\/es\/\"},{\"@type\":\"ListItem\",\"position\":2,\"name\":\"Pol\u00edtica de Privacidad de Datos\"}]},{\"@type\":\"WebSite\",\"@id\":\"https:\/\/www.pymalmansa.com\/#website\",\"url\":\"https:\/\/www.pymalmansa.com\/\",\"name\":\"Piedras y M\u00e1rmoles Almansa\",\"description\":\"Altre lloc gestionat amb el WordPress\",\"potentialAction\":[{\"@type\":\"SearchAction\",\"target\":{\"@type\":\"EntryPoint\",\"urlTemplate\":\"https:\/\/www.pymalmansa.com\/?s={search_term_string}\"},\"query-input\":\"required name=search_term_string\"}],\"inLanguage\":\"es\"}]}<\/script>\n<!-- \/ Yoast SEO plugin. -->","yoast_head_json":{"title":"Pol\u00edtica de Privacidad de Datos - Piedras y M\u00e1rmoles Almansa","robots":{"index":"index","follow":"follow","max-snippet":"max-snippet:-1","max-image-preview":"max-image-preview:large","max-video-preview":"max-video-preview:-1"},"canonical":"https:\/\/www.pymalmansa.com\/es\/politica-privacidad-datos\/","og_locale":"es_ES","og_type":"article","og_title":"Pol\u00edtica de Privacidad de Datos - Piedras y M\u00e1rmoles Almansa","og_url":"https:\/\/www.pymalmansa.com\/es\/politica-privacidad-datos\/","og_site_name":"Piedras y M\u00e1rmoles Almansa","article_modified_time":"2024-03-01T15:40:14+00:00","twitter_card":"summary_large_image","twitter_misc":{"Tiempo de lectura":"7 minutos"},"schema":{"@context":"https:\/\/schema.org","@graph":[{"@type":"WebPage","@id":"https:\/\/www.pymalmansa.com\/es\/politica-privacidad-datos\/","url":"https:\/\/www.pymalmansa.com\/es\/politica-privacidad-datos\/","name":"Pol\u00edtica de Privacidad de Datos - Piedras y M\u00e1rmoles Almansa","isPartOf":{"@id":"https:\/\/www.pymalmansa.com\/#website"},"datePublished":"2020-03-20T08:15:18+00:00","dateModified":"2024-03-01T15:40:14+00:00","breadcrumb":{"@id":"https:\/\/www.pymalmansa.com\/es\/politica-privacidad-datos\/#breadcrumb"},"inLanguage":"es","potentialAction":[{"@type":"ReadAction","target":["https:\/\/www.pymalmansa.com\/es\/politica-privacidad-datos\/"]}]},{"@type":"BreadcrumbList","@id":"https:\/\/www.pymalmansa.com\/es\/politica-privacidad-datos\/#breadcrumb","itemListElement":[{"@type":"ListItem","position":1,"name":"Inici","item":"https:\/\/www.pymalmansa.com\/es\/"},{"@type":"ListItem","position":2,"name":"Pol\u00edtica de Privacidad de Datos"}]},{"@type":"WebSite","@id":"https:\/\/www.pymalmansa.com\/#website","url":"https:\/\/www.pymalmansa.com\/","name":"Piedras y M\u00e1rmoles Almansa","description":"Altre lloc gestionat amb el WordPress","potentialAction":[{"@type":"SearchAction","target":{"@type":"EntryPoint","urlTemplate":"https:\/\/www.pymalmansa.com\/?s={search_term_string}"},"query-input":"required name=search_term_string"}],"inLanguage":"es"}]}},"_links":{"self":[{"href":"https:\/\/www.pymalmansa.com\/es\/wp-json\/wp\/v2\/pages\/790"}],"collection":[{"href":"https:\/\/www.pymalmansa.com\/es\/wp-json\/wp\/v2\/pages"}],"about":[{"href":"https:\/\/www.pymalmansa.com\/es\/wp-json\/wp\/v2\/types\/page"}],"author":[{"embeddable":true,"href":"https:\/\/www.pymalmansa.com\/es\/wp-json\/wp\/v2\/users\/1"}],"replies":[{"embeddable":true,"href":"https:\/\/www.pymalmansa.com\/es\/wp-json\/wp\/v2\/comments?post=790"}],"version-history":[{"count":2,"href":"https:\/\/www.pymalmansa.com\/es\/wp-json\/wp\/v2\/pages\/790\/revisions"}],"predecessor-version":[{"id":809,"href":"https:\/\/www.pymalmansa.com\/es\/wp-json\/wp\/v2\/pages\/790\/revisions\/809"}],"wp:attachment":[{"href":"https:\/\/www.pymalmansa.com\/es\/wp-json\/wp\/v2\/media?parent=790"}],"curies":[{"name":"wp","href":"https:\/\/api.w.org\/{rel}","templated":true}]}}