{"id":485,"date":"2016-03-05T18:11:43","date_gmt":"2016-03-05T18:11:43","guid":{"rendered":"https:\/\/www.pymalmansa.com\/es\/?page_id=485"},"modified":"2024-03-01T15:40:14","modified_gmt":"2024-03-01T15:40:14","slug":"politica-de-cookies","status":"publish","type":"page","link":"https:\/\/www.pymalmansa.com\/es\/politica-de-cookies\/","title":{"rendered":"Pol\u00edtica de Cookies"},"content":{"rendered":"<div class=\"fusion-fullwidth fullwidth-box fusion-builder-row-1 hundred-percent-fullwidth non-hundred-percent-height-scrolling\" style=\"--awb-border-radius-top-left:0px;--awb-border-radius-top-right:0px;--awb-border-radius-bottom-right:0px;--awb-border-radius-bottom-left:0px;--awb-overflow:visible;--awb-flex-wrap:wrap;\" ><div class=\"fusion-builder-row fusion-row\"><div class=\"fusion-layout-column fusion_builder_column fusion-builder-column-0 fusion_builder_column_1_1 1_1 fusion-one-full fusion-column-first fusion-column-last\" style=\"--awb-bg-size:cover;\"><div class=\"fusion-column-wrapper fusion-flex-column-wrapper-legacy\"><div class=\"fusion-text fusion-text-1\"><p><strong>Denominaci\u00f3n Social: PIEDRAS Y M\u00c1RMOLES ALMANSA, S.A.<br \/>\n<\/strong><strong>Domicilio Social: Carrer Bilbao, 1- 08339 Vilassar de Dalt (Barcelona)<br \/>\n<\/strong><strong>NIF<\/strong>: <strong>A-08723041<br \/>\n<\/strong><strong>Tel\u00e9fono: 93 753 15 61<br \/>\n<\/strong><strong>e-Mail: <a href=\"mailto:info@pymalmansa.com\">info@pymalmansa.com<\/a><\/strong><\/p>\n<p>En la presente pol\u00edtica de cookies, encontrar\u00e1 la descripci\u00f3n y finalidad de cada una de las cookies utilizadas, as\u00ed como su nombre, el servidor de env\u00edo, su caducidad y en algunos casos la existencia de transferencia internacional de datos.<\/p>\n<p>La legitimaci\u00f3n para el uso de las cookies estrictamente funcionales, viene dada por que el tratamiento es necesario para el cumplimiento de una obligaci\u00f3n legal, conforme la ley 34\/2002 (Ley de Servicios de la Sociedad de la Informaci\u00f3n y de Comercio Electr\u00f3nico).<\/p>\n<p>La legitimaci\u00f3n para el uso de las cookies con fines anal\u00edticos, de optimizaci\u00f3n, de personalizaci\u00f3n, de publicidad comportamental y valoraci\u00f3n, est\u00e1 basado en el consentimiento que se le ha solicitado, conforme al Art. 6.1.a) del Reglamento (UE) 2016\/679.<\/p>\n<p>Utilizamos cookies con el objetivo de prestar un mejor servicio y proporcionarte una mejor experiencia en tu navegaci\u00f3n. Queremos informarte de manera clara y precisa sobre las cookies que utilizamos, detallando a continuaci\u00f3n, qu\u00e9 es una cookie, para qu\u00e9 sirve, qu\u00e9 tipos de cookies utilizamos, cu\u00e1les son su finalidad y c\u00f3mo puedes configurarlas o deshabilitarlas si as\u00ed lo deseas.<\/p>\n<p>&nbsp;<\/p>\n<p><em><strong>\u00bfQu\u00e9 son las Cookies? <\/strong><\/em><\/p>\n<p>Cookie es un fichero que se descarga en su ordenador al acceder a la mayor\u00eda de las p\u00e1ginas Web. Las cookies permiten a una p\u00e1gina web, entre otras cosas, almacenar y recuperar informaci\u00f3n sobre los h\u00e1bitos de navegaci\u00f3n de un usuario o de su equipo y, dependiendo de la informaci\u00f3n que contengan y de la forma en que utilice su equipo, pueden utilizarse para reconocer al usuario. Cuando acceda a una web que utiliza cookies, la web hace que el navegador cree en su equipo (ordenador, tableta, tel\u00e9fono o similar) peque\u00f1os ficheros con informaci\u00f3n necesaria para el funcionamiento de la Web. Estos ficheros denominados cookies, forman parte de la tecnolog\u00eda necesaria para el correcto funcionamiento del sitio web. Las cookies no contienen ninguna clase de informaci\u00f3n personal espec\u00edfica, y la mayor\u00eda de las mismas se borran del disco duro al finalizar la sesi\u00f3n del navegador (las denominadas cookies de sesi\u00f3n) si bien su historial de navegaci\u00f3n y cookies se almacenan en su equipo. Las cookies, de forma similar al historial de navegaci\u00f3n o cach\u00e9 del navegador, pueden dejar un rastro sobre su actividad en l\u00ednea. Esto es especialmente importante si otras personas pueden acceder a su equipo. Por lo que en el caso de que est\u00e9 utilizando un equipo compartido, le recomendamos que antes de cerrar la sesi\u00f3n elimine la informaci\u00f3n sobre el historial de navegaci\u00f3n, cach\u00e9 y cookies.<\/p>\n<p>&nbsp;<\/p>\n<p><strong>\u00bfQu\u00e9 tipos de cookies utiliza esta p\u00e1gina web? <\/strong><\/p>\n<p><strong>Cookies t\u00e9cnicas:<\/strong> Son aqu\u00e9llas que permiten al usuario la navegaci\u00f3n a trav\u00e9s de una p\u00e1gina web, plataforma o aplicaci\u00f3n y la utilizaci\u00f3n de las diferentes opciones o servicios que en ella existan como, por ejemplo, controlar el tr\u00e1fico y la comunicaci\u00f3n de datos, identificar la sesi\u00f3n, acceder a partes de acceso restringido, recordar los elementos que integran un pedido, realizar el proceso de compra de un pedido, realizar la solicitud de inscripci\u00f3n o participaci\u00f3n en un evento, utilizar elementos de seguridad durante la navegaci\u00f3n, almacenar contenidos para la difusi\u00f3n de videos o sonido o compartir contenidos a trav\u00e9s de redes sociales.<\/p>\n<p><strong>\u00a0Cookies de personalizaci\u00f3n:<\/strong> Son aqu\u00e9llas que permiten al usuario acceder al servicio con algunas caracter\u00edsticas de car\u00e1cter general predefinidas en funci\u00f3n de una serie de criterios en el terminal del usuario como por ejemplo serian el idioma, el tipo de navegador a trav\u00e9s del cual accede al servicio, la configuraci\u00f3n regional desde donde accede al servicio, etc.<\/p>\n<p><strong>Cookies de an\u00e1lisis:<\/strong> Son aqu\u00e9llas que bien tratadas por nosotros o por terceros, nos permiten cuantificar el n\u00famero de usuarios y as\u00ed realizar la medici\u00f3n y an\u00e1lisis estad\u00edstico de la utilizaci\u00f3n que hacen los usuarios del servicio ofertado. Para ello se analiza su navegaci\u00f3n en nuestra p\u00e1gina web con el fin de mejorar la oferta de productos o servicios que le ofrecemos.<\/p>\n<p><strong>Cookies publicitarias:<\/strong> Son aqu\u00e9llas que, bien tratadas por nosotros o por terceros, nos permiten gestionar de la forma m\u00e1s eficaz posible la oferta de los espacios publicitarios que hay en la p\u00e1gina web, adecuando el contenido del anuncio al contenido del servicio solicitado o al uso que realice de nuestra p\u00e1gina web. Para ello podemos analizar sus h\u00e1bitos de navegaci\u00f3n en Internet y podemos mostrarle publicidad relacionada con su perfil de navegaci\u00f3n.<\/p>\n<p><strong>Cookies de publicidad comportamental:<\/strong> Son aqu\u00e9llas que permiten la gesti\u00f3n, de la forma m\u00e1s eficaz posible, de los espacios publicitarios que, en su caso, el editor haya incluido en una p\u00e1gina web, aplicaci\u00f3n o plataforma desde la que presta el servicio solicitado. Estas cookies almacenan informaci\u00f3n del comportamiento de los usuarios obtenida a trav\u00e9s de la observaci\u00f3n continuada de sus h\u00e1bitos de navegaci\u00f3n, lo que permite desarrollar un perfil espec\u00edfico para mostrar publicidad en funci\u00f3n del mismo.<\/p>\n<p><strong>Cookies de terceros:<\/strong> Esta web puede utilizar\u00a0servicios de terceros que, por cuenta de los mismos recopilaran informaci\u00f3n con fines estad\u00edsticos, de uso del Site por parte del usuario y para la prestaci\u00f3n de otros servicios relacionados con la actividad del Website y otros servicios de Internet.<\/p>\n<p>&nbsp;<\/p>\n<p><strong>Finalidad de las COOKIES utilizadas<\/strong><\/p>\n<p>A continuaci\u00f3n, detallamos las\u00a0cookies\u00a0utilizadas en nuestra web y la finalidad de las mismas. <strong>Relacio\u0301n de cookies utilizadas en el presente dominio:<\/strong><\/p>\n<table class=\"b10\" border=\"1\" cellspacing=\"0\" cellpadding=\"5\" align=\"center\">\n<tbody>\n<tr>\n<td valign=\"top\" width=\"107\">\n<p align=\"center\"><strong>Cookie<\/strong><\/p>\n<\/td>\n<td valign=\"top\" width=\"123\">\n<p align=\"center\"><strong>Nombre<\/strong><\/p>\n<\/td>\n<td valign=\"top\" width=\"265\">\n<p align=\"center\"><strong>Finalidad \/ M\u00e1s informaci\u00f3n<\/strong><\/p>\n<\/td>\n<td valign=\"top\" width=\"104\">\n<p align=\"center\"><strong>Vencimiento<\/strong><\/p>\n<\/td>\n<\/tr>\n<tr>\n<td valign=\"top\" width=\"107\">\n<p align=\"center\"><a class=\"gr10\" href=\"https:\/\/www.pymalmansa.com\/\">www.pymalmansa.com<\/a><\/p>\n<\/td>\n<td valign=\"top\" width=\"123\"><\/td>\n<td valign=\"top\" width=\"265\"><\/td>\n<td valign=\"top\" width=\"104\"><\/td>\n<\/tr>\n<tr>\n<td valign=\"top\" width=\"107\">\n<p align=\"center\">Cookies google.com<\/p>\n<\/td>\n<td valign=\"top\" width=\"123\">\n<p align=\"center\">PREF<\/p>\n<\/td>\n<td valign=\"top\" width=\"265\">El uso de servicios de localizaci\u00f3n como Google Maps implica la instalaci\u00f3n de estas cookies<\/td>\n<td valign=\"top\" width=\"104\">\n<p align=\"center\">2 a\u00f1os<\/p>\n<\/td>\n<\/tr>\n<tr>\n<td valign=\"top\" width=\"107\"><\/td>\n<td valign=\"top\" width=\"123\">\n<p align=\"center\">APISID<\/p>\n<\/td>\n<td valign=\"top\" width=\"265\">Se utilizan para recordar preferencias del usuario durante su navegaci\u00f3n.<\/td>\n<td valign=\"top\" width=\"104\">\n<p align=\"center\">2 a\u00f1os<\/p>\n<\/td>\n<\/tr>\n<tr>\n<td valign=\"top\" width=\"107\"><\/td>\n<td valign=\"top\" width=\"123\">\n<p align=\"center\">SAPISID<\/p>\n<\/td>\n<td valign=\"top\" width=\"265\"><\/td>\n<td valign=\"top\" width=\"104\">\n<p align=\"center\">2 a\u00f1os<\/p>\n<\/td>\n<\/tr>\n<tr>\n<td valign=\"top\" width=\"107\"><\/td>\n<td valign=\"top\" width=\"123\">\n<p align=\"center\">SSID<\/p>\n<\/td>\n<td valign=\"top\" width=\"265\">Tambi\u00e9n para el recuento, por parte de google, del n\u00famero de usuarios que utilizan los mapas<\/td>\n<td valign=\"top\" width=\"104\">\n<p align=\"center\">2 a\u00f1os<\/p>\n<\/td>\n<\/tr>\n<tr>\n<td valign=\"top\" width=\"107\"><\/td>\n<td valign=\"top\" width=\"123\">\n<p align=\"center\">NID<\/p>\n<\/td>\n<td valign=\"top\" width=\"265\">Para hacer la publicidad m\u00e1s atractiva<\/td>\n<td valign=\"top\" width=\"104\">\n<p align=\"center\">6 meses<\/p>\n<\/td>\n<\/tr>\n<tr>\n<td valign=\"top\" width=\"107\"><\/td>\n<td valign=\"top\" width=\"123\">\n<p align=\"center\">HSID, SID<\/p>\n<\/td>\n<td valign=\"top\" width=\"265\">Y para proveer de mecanismos de seguridad que eviten el acceso no autorizado a datos de acceso de usuarios o la informaci\u00f3n que \u00e9stos facilitan en formularios de contacto, p.ej.<\/td>\n<td valign=\"top\" width=\"104\">\n<p align=\"center\">2 a\u00f1os<\/p>\n<\/td>\n<\/tr>\n<tr>\n<td valign=\"top\" width=\"107\"><\/td>\n<td valign=\"top\" width=\"123\">\n<p align=\"center\">OGPC<\/p>\n<\/td>\n<td valign=\"top\" width=\"265\">M\u00e1s informaci\u00f3n sobre las cookies de Google en <a class=\"gr10\" href=\"https:\/\/policies.google.com\/technologies\/cookies?hl=es#types-of-cookies\"><strong>www.google.com\/intl\/es\/policies\/technologies\/types<\/strong><\/a><\/td>\n<td valign=\"top\" width=\"104\"><\/td>\n<\/tr>\n<tr>\n<td valign=\"top\" width=\"107\"><\/td>\n<td valign=\"top\" width=\"123\">\n<p align=\"center\">T<\/p>\n<\/td>\n<td valign=\"top\" width=\"265\"><\/td>\n<td valign=\"top\" width=\"104\">\n<p align=\"center\">2 semanas<\/p>\n<\/td>\n<\/tr>\n<\/tbody>\n<\/table>\n<p>&nbsp;<\/p>\n<p><strong>\u00bfQui\u00e9n utiliza la informaci\u00f3n almacenada en las Cookies? <\/strong><\/p>\n<p>La informaci\u00f3n almacenada en las Cookies de nuestra Web es utilizada exclusivamente por nosotros, a excepci\u00f3n de aquellas identificadas como \u201cCookies de terceros\u201d, que pueden ser utilizadas y gestionadas por entidades externas para proporcionarnos servicios dirigidos a mejorar nuestros servicios y la experiencia del usuario al navegar en nuestra Plataforma. M\u00e1s informaci\u00f3n en el panel de configuraci\u00f3n de Cookies accesible en todo momento en nuestra Web.<\/p>\n<p><strong>\u00a0<\/strong><\/p>\n<p><strong>\u00bfDurante cu\u00e1nto tiempo mantendremos la informaci\u00f3n?<\/strong><\/p>\n<p>Mantendremos la informaci\u00f3n mientras sea necesario para la prestaci\u00f3n del servicio solicitado, hasta que nos manifiestes tu oposici\u00f3n o hasta que revoques tu consentimiento. En estos casos, la informaci\u00f3n se mantendr\u00e1 debidamente bloqueada sin que la podamos utilizar mientras sea necesaria para el ejercicio o defensa de reclamaciones legales o contractuales. Una vez transcurrido este plazo de tiempo, tus datos ser\u00e1n eliminados definitivamente.<\/p>\n<p>En los casos en que obtenemos datos autom\u00e1ticamente a trav\u00e9s de cookies, ten en cuenta que algunas pueden estar instaladas durante a\u00f1os. No obstante, puedes limitar su uso en el tiempo elimin\u00e1ndolas de los navegadores o dispositivos.<\/p>\n<p>&nbsp;<\/p>\n<p><strong>\u00bfC\u00f3mo puede desactivar las cookies?<\/strong><\/p>\n<p>En el panel de configuraci\u00f3n de Cookies accesible en todo momento en nuestra Plataforma podr\u00e1s obtener toda la informaci\u00f3n sobre las Cookies utilizadas en esta Web, junto con la informaci\u00f3n sobre el prop\u00f3sito, duraci\u00f3n y gesti\u00f3n (propia o por terceros) de cada una de ellas, para que puedas gestionar la activaci\u00f3n y desactivaci\u00f3n del uso de aquellas Cookies que no son estrictamente necesarias para el funcionamiento de la Web.<\/p>\n<p>Alternativamente, en caso de que est\u00e9s navegando por internet, puedes deshabilitar en tu navegador el uso de Cookies. Te indicamos la manera de realizarlo en los navegadores m\u00e1s populares:<\/p>\n<p>Chrome: <a href=\"http:\/\/support.google.com\/chrome\/bin\/answer.py?hl=es&amp;answer=95647\">http:\/\/support.google.com\/chrome\/bin\/answer.py?hl=es&amp;answer=95647<\/a><\/p>\n<p>Explorer: <a href=\"http:\/\/windows.microsoft.com\/es-es\/windows7\/how-to-manage-cookies-in-internet-explorer-9\">http:\/\/windows.microsoft.com\/es-es\/windows7\/how-to-manage-cookies-in-internet-explorer-9<\/a><\/p>\n<p>Firefox: <a href=\"http:\/\/support.mozilla.org\/es\/kb\/habilitar-y-deshabilitar-cookies-que-los-sitios-we\">http:\/\/support.mozilla.org\/es\/kb\/habilitar-y-deshabilitar-cookies-que-los-sitios-we<\/a><\/p>\n<p>Safari: <a href=\"http:\/\/support.apple.com\/kb\/ph5042\">http:\/\/support.apple.com\/kb\/ph5042<\/a><\/p>\n<p>Safari para IOS:<a href=\"http:\/\/support.apple.com\/kb\/HT1677?viewlocale=es_ES&amp;locale=es_ES\">http:\/\/support.apple.com\/kb\/HT1677?viewlocale=es_ES&amp;locale=es_ES<\/a><\/p>\n<p>Esta posibilidad de evitar el uso de Cookies puede ser llevada a cabo en cualquier momento.<\/p>\n<p>Por favor, ten en cuenta que tanto tu gesti\u00f3n del panel de configuraci\u00f3n de Cookies, como tu opci\u00f3n de rechazar las Cookies es espec\u00edfica para cada navegador que est\u00e9s utilizando. Por lo tanto, si optas por configurar las Cookies de una forma en un dispositivo y deseas que tu opci\u00f3n se aplique de manera similar a otro dispositivo, deber\u00e1s activar la misma opci\u00f3n para ese otro dispositivo.<\/p>\n<p><strong>\u00a0<\/strong><\/p>\n<p><strong>Cambios en la Pol\u00edtica de Cookies<\/strong><\/p>\n<p>La presente Pol\u00edtica de Cookies, se podr\u00e1 modificar cuando as\u00ed lo exija la legislaci\u00f3n vigente en cada momento o cuando hubiera alguna variaci\u00f3n en el tipo de cookies utilizadas en el sitio web. Por ello, te recomendamos revisar esta pol\u00edtica cada vez que accedas a nuestro sitio web con el objetivo de estar adecuadamente informado sobre c\u00f3mo y para qu\u00e9 usamos las cookies.<\/p>\n<\/div><div class=\"fusion-clearfix\"><\/div><\/div><\/div><\/div><\/div>\n","protected":false},"excerpt":{"rendered":"","protected":false},"author":1,"featured_media":0,"parent":0,"menu_order":18,"comment_status":"closed","ping_status":"closed","template":"","meta":{"footnotes":""},"yoast_head":"<!-- This site is optimized with the Yoast SEO plugin v22.3 - https:\/\/yoast.com\/wordpress\/plugins\/seo\/ -->\n<title>Pol\u00edtica de Cookies - Piedras y M\u00e1rmoles Almansa<\/title>\n<meta name=\"robots\" content=\"index, follow, max-snippet:-1, max-image-preview:large, max-video-preview:-1\" \/>\n<link rel=\"canonical\" href=\"https:\/\/www.pymalmansa.com\/es\/politica-de-cookies\/\" \/>\n<meta property=\"og:locale\" content=\"es_ES\" \/>\n<meta property=\"og:type\" content=\"article\" \/>\n<meta property=\"og:title\" content=\"Pol\u00edtica de Cookies - Piedras y M\u00e1rmoles Almansa\" \/>\n<meta property=\"og:url\" content=\"https:\/\/www.pymalmansa.com\/es\/politica-de-cookies\/\" \/>\n<meta property=\"og:site_name\" content=\"Piedras y M\u00e1rmoles Almansa\" \/>\n<meta property=\"article:modified_time\" content=\"2024-03-01T15:40:14+00:00\" \/>\n<meta name=\"twitter:card\" content=\"summary_large_image\" \/>\n<meta name=\"twitter:label1\" content=\"Tiempo de lectura\" \/>\n\t<meta name=\"twitter:data1\" content=\"7 minutos\" \/>\n<script type=\"application\/ld+json\" class=\"yoast-schema-graph\">{\"@context\":\"https:\/\/schema.org\",\"@graph\":[{\"@type\":\"WebPage\",\"@id\":\"https:\/\/www.pymalmansa.com\/es\/politica-de-cookies\/\",\"url\":\"https:\/\/www.pymalmansa.com\/es\/politica-de-cookies\/\",\"name\":\"Pol\u00edtica de Cookies - Piedras y M\u00e1rmoles Almansa\",\"isPartOf\":{\"@id\":\"https:\/\/www.pymalmansa.com\/#website\"},\"datePublished\":\"2016-03-05T18:11:43+00:00\",\"dateModified\":\"2024-03-01T15:40:14+00:00\",\"breadcrumb\":{\"@id\":\"https:\/\/www.pymalmansa.com\/es\/politica-de-cookies\/#breadcrumb\"},\"inLanguage\":\"es\",\"potentialAction\":[{\"@type\":\"ReadAction\",\"target\":[\"https:\/\/www.pymalmansa.com\/es\/politica-de-cookies\/\"]}]},{\"@type\":\"BreadcrumbList\",\"@id\":\"https:\/\/www.pymalmansa.com\/es\/politica-de-cookies\/#breadcrumb\",\"itemListElement\":[{\"@type\":\"ListItem\",\"position\":1,\"name\":\"Inici\",\"item\":\"https:\/\/www.pymalmansa.com\/es\/\"},{\"@type\":\"ListItem\",\"position\":2,\"name\":\"Pol\u00edtica de Cookies\"}]},{\"@type\":\"WebSite\",\"@id\":\"https:\/\/www.pymalmansa.com\/#website\",\"url\":\"https:\/\/www.pymalmansa.com\/\",\"name\":\"Piedras y M\u00e1rmoles Almansa\",\"description\":\"Altre lloc gestionat amb el WordPress\",\"potentialAction\":[{\"@type\":\"SearchAction\",\"target\":{\"@type\":\"EntryPoint\",\"urlTemplate\":\"https:\/\/www.pymalmansa.com\/?s={search_term_string}\"},\"query-input\":\"required name=search_term_string\"}],\"inLanguage\":\"es\"}]}<\/script>\n<!-- \/ Yoast SEO plugin. -->","yoast_head_json":{"title":"Pol\u00edtica de Cookies - Piedras y M\u00e1rmoles Almansa","robots":{"index":"index","follow":"follow","max-snippet":"max-snippet:-1","max-image-preview":"max-image-preview:large","max-video-preview":"max-video-preview:-1"},"canonical":"https:\/\/www.pymalmansa.com\/es\/politica-de-cookies\/","og_locale":"es_ES","og_type":"article","og_title":"Pol\u00edtica de Cookies - Piedras y M\u00e1rmoles Almansa","og_url":"https:\/\/www.pymalmansa.com\/es\/politica-de-cookies\/","og_site_name":"Piedras y M\u00e1rmoles Almansa","article_modified_time":"2024-03-01T15:40:14+00:00","twitter_card":"summary_large_image","twitter_misc":{"Tiempo de lectura":"7 minutos"},"schema":{"@context":"https:\/\/schema.org","@graph":[{"@type":"WebPage","@id":"https:\/\/www.pymalmansa.com\/es\/politica-de-cookies\/","url":"https:\/\/www.pymalmansa.com\/es\/politica-de-cookies\/","name":"Pol\u00edtica de Cookies - Piedras y M\u00e1rmoles Almansa","isPartOf":{"@id":"https:\/\/www.pymalmansa.com\/#website"},"datePublished":"2016-03-05T18:11:43+00:00","dateModified":"2024-03-01T15:40:14+00:00","breadcrumb":{"@id":"https:\/\/www.pymalmansa.com\/es\/politica-de-cookies\/#breadcrumb"},"inLanguage":"es","potentialAction":[{"@type":"ReadAction","target":["https:\/\/www.pymalmansa.com\/es\/politica-de-cookies\/"]}]},{"@type":"BreadcrumbList","@id":"https:\/\/www.pymalmansa.com\/es\/politica-de-cookies\/#breadcrumb","itemListElement":[{"@type":"ListItem","position":1,"name":"Inici","item":"https:\/\/www.pymalmansa.com\/es\/"},{"@type":"ListItem","position":2,"name":"Pol\u00edtica de Cookies"}]},{"@type":"WebSite","@id":"https:\/\/www.pymalmansa.com\/#website","url":"https:\/\/www.pymalmansa.com\/","name":"Piedras y M\u00e1rmoles Almansa","description":"Altre lloc gestionat amb el WordPress","potentialAction":[{"@type":"SearchAction","target":{"@type":"EntryPoint","urlTemplate":"https:\/\/www.pymalmansa.com\/?s={search_term_string}"},"query-input":"required name=search_term_string"}],"inLanguage":"es"}]}},"_links":{"self":[{"href":"https:\/\/www.pymalmansa.com\/es\/wp-json\/wp\/v2\/pages\/485"}],"collection":[{"href":"https:\/\/www.pymalmansa.com\/es\/wp-json\/wp\/v2\/pages"}],"about":[{"href":"https:\/\/www.pymalmansa.com\/es\/wp-json\/wp\/v2\/types\/page"}],"author":[{"embeddable":true,"href":"https:\/\/www.pymalmansa.com\/es\/wp-json\/wp\/v2\/users\/1"}],"replies":[{"embeddable":true,"href":"https:\/\/www.pymalmansa.com\/es\/wp-json\/wp\/v2\/comments?post=485"}],"version-history":[{"count":5,"href":"https:\/\/www.pymalmansa.com\/es\/wp-json\/wp\/v2\/pages\/485\/revisions"}],"predecessor-version":[{"id":812,"href":"https:\/\/www.pymalmansa.com\/es\/wp-json\/wp\/v2\/pages\/485\/revisions\/812"}],"wp:attachment":[{"href":"https:\/\/www.pymalmansa.com\/es\/wp-json\/wp\/v2\/media?parent=485"}],"curies":[{"name":"wp","href":"https:\/\/api.w.org\/{rel}","templated":true}]}}