{"id":451,"date":"2016-03-05T17:41:30","date_gmt":"2016-03-05T17:41:30","guid":{"rendered":"https:\/\/www.pymalmansa.com\/es\/?page_id=451"},"modified":"2024-03-01T15:40:14","modified_gmt":"2024-03-01T15:40:14","slug":"anti-graffitis","status":"publish","type":"page","link":"https:\/\/www.pymalmansa.com\/es\/profesionales\/tratamientos\/anti-graffitis\/","title":{"rendered":"Anti-Graffitis"},"content":{"rendered":"<div class=\"fusion-fullwidth fullwidth-box fusion-builder-row-1 hundred-percent-fullwidth non-hundred-percent-height-scrolling\" style=\"--awb-border-radius-top-left:0px;--awb-border-radius-top-right:0px;--awb-border-radius-bottom-right:0px;--awb-border-radius-bottom-left:0px;--awb-overflow:visible;--awb-flex-wrap:wrap;\" ><div class=\"fusion-builder-row fusion-row\"><div class=\"fusion-layout-column fusion_builder_column fusion-builder-column-0 fusion_builder_column_1_2 1_2 fusion-one-half fusion-column-first\" style=\"--awb-padding-right:20px;--awb-bg-size:cover;width:48%; margin-right: 4%;\"><div class=\"fusion-column-wrapper fusion-flex-column-wrapper-legacy\"><div class=\"fusion-image-element in-legacy-container\" style=\"--awb-liftup-border-radius:0px;--awb-caption-title-font-family:var(--h2_typography-font-family);--awb-caption-title-font-weight:var(--h2_typography-font-weight);--awb-caption-title-font-style:var(--h2_typography-font-style);--awb-caption-title-size:var(--h2_typography-font-size);--awb-caption-title-transform:var(--h2_typography-text-transform);--awb-caption-title-line-height:var(--h2_typography-line-height);--awb-caption-title-letter-spacing:var(--h2_typography-letter-spacing);\"><div class=\"awb-image-frame awb-image-frame-1 imageframe-liftup\"><span class=\" fusion-imageframe imageframe-glow imageframe-1\" style=\"-webkit-box-shadow: 0 0 3px rgba(0,0,0,0.3);box-shadow: 0 0 3px rgba(0,0,0,0.3);\"><a href=\"https:\/\/www.pymalmansa.com\/wp-content\/uploads\/tratamientos.jpg\" class=\"fusion-lightbox\" data-rel=\"iLightbox[0eb82a1a99ef3561517]\" data-title=\"Tratamientos\" title=\"Tratamientos\"><img decoding=\"async\" width=\"750\" height=\"569\" alt=\"Tratamientos\" src=\"https:\/\/www.pymalmansa.com\/wp-content\/uploads\/tratamientos.jpg\" class=\"img-responsive wp-image-677\" srcset=\"https:\/\/www.pymalmansa.com\/wp-content\/uploads\/tratamientos-150x114.jpg 150w, https:\/\/www.pymalmansa.com\/wp-content\/uploads\/tratamientos-180x138.jpg 180w, https:\/\/www.pymalmansa.com\/wp-content\/uploads\/tratamientos-300x228.jpg 300w, https:\/\/www.pymalmansa.com\/wp-content\/uploads\/tratamientos.jpg 750w\" sizes=\"(max-width: 750px) 100vw, 750px\" \/><\/a><\/span><\/div><\/div><div class=\"fusion-clearfix\"><\/div><\/div><\/div><div class=\"fusion-layout-column fusion_builder_column fusion-builder-column-1 fusion_builder_column_1_2 1_2 fusion-one-half fusion-column-last\" style=\"--awb-bg-size:cover;width:48%;\"><div class=\"fusion-column-wrapper fusion-flex-column-wrapper-legacy\"><div class=\"fusion-text fusion-text-1\"><p>Lo que en una fachada pintada, es solo un peque\u00f1o accidente, en el caso de una fachada de revestida de cualquier producto p\u00e9treo, es un gran desastre. Es conveniente tratar estas superficies con un producto adecuado para que una pintada con pinturas o rotuladores no suponga una reparaci\u00f3n en la mayor\u00eda de los casos costos\u00edsima.<\/p>\n<\/div><div class=\"fusion-clearfix\"><\/div><\/div><\/div><div class=\"fusion-layout-column fusion_builder_column fusion-builder-column-2 fusion_builder_column_1_1 1_1 fusion-one-full fusion-column-first fusion-column-last\" style=\"--awb-bg-size:cover;\"><div class=\"fusion-column-wrapper fusion-flex-column-wrapper-legacy\"><div class=\"fusion-sep-clear\"><\/div><div class=\"fusion-separator fusion-full-width-sep\" style=\"margin-left: auto;margin-right: auto;margin-top:10%;width:100%;\"><\/div><div class=\"fusion-sep-clear\"><\/div><div class=\"fusion-clearfix\"><\/div><\/div><\/div><\/div><\/div>\n","protected":false},"excerpt":{"rendered":"","protected":false},"author":1,"featured_media":0,"parent":216,"menu_order":1,"comment_status":"closed","ping_status":"closed","template":"","meta":{"footnotes":""},"yoast_head":"<!-- This site is optimized with the Yoast SEO plugin v22.3 - https:\/\/yoast.com\/wordpress\/plugins\/seo\/ -->\n<title>Anti-Graffitis - Piedras y M\u00e1rmoles Almansa<\/title>\n<meta name=\"robots\" content=\"index, follow, max-snippet:-1, max-image-preview:large, max-video-preview:-1\" \/>\n<link rel=\"canonical\" href=\"https:\/\/www.pymalmansa.com\/es\/profesionales\/tratamientos\/anti-graffitis\/\" \/>\n<meta property=\"og:locale\" content=\"es_ES\" \/>\n<meta property=\"og:type\" content=\"article\" \/>\n<meta property=\"og:title\" content=\"Anti-Graffitis - Piedras y M\u00e1rmoles Almansa\" \/>\n<meta property=\"og:url\" content=\"https:\/\/www.pymalmansa.com\/es\/profesionales\/tratamientos\/anti-graffitis\/\" \/>\n<meta property=\"og:site_name\" content=\"Piedras y M\u00e1rmoles Almansa\" \/>\n<meta property=\"article:modified_time\" content=\"2024-03-01T15:40:14+00:00\" \/>\n<meta property=\"og:image\" content=\"https:\/\/www.pymalmansa.com\/wp-content\/uploads\/tratamientos.jpg\" \/>\n<meta name=\"twitter:card\" content=\"summary_large_image\" \/>\n<meta name=\"twitter:label1\" content=\"Tiempo de lectura\" \/>\n\t<meta name=\"twitter:data1\" content=\"2 minutos\" \/>\n<script type=\"application\/ld+json\" class=\"yoast-schema-graph\">{\"@context\":\"https:\/\/schema.org\",\"@graph\":[{\"@type\":\"WebPage\",\"@id\":\"https:\/\/www.pymalmansa.com\/es\/profesionales\/tratamientos\/anti-graffitis\/\",\"url\":\"https:\/\/www.pymalmansa.com\/es\/profesionales\/tratamientos\/anti-graffitis\/\",\"name\":\"Anti-Graffitis - Piedras y M\u00e1rmoles Almansa\",\"isPartOf\":{\"@id\":\"https:\/\/www.pymalmansa.com\/#website\"},\"primaryImageOfPage\":{\"@id\":\"https:\/\/www.pymalmansa.com\/es\/profesionales\/tratamientos\/anti-graffitis\/#primaryimage\"},\"image\":{\"@id\":\"https:\/\/www.pymalmansa.com\/es\/profesionales\/tratamientos\/anti-graffitis\/#primaryimage\"},\"thumbnailUrl\":\"https:\/\/www.pymalmansa.com\/wp-content\/uploads\/tratamientos.jpg\",\"datePublished\":\"2016-03-05T17:41:30+00:00\",\"dateModified\":\"2024-03-01T15:40:14+00:00\",\"breadcrumb\":{\"@id\":\"https:\/\/www.pymalmansa.com\/es\/profesionales\/tratamientos\/anti-graffitis\/#breadcrumb\"},\"inLanguage\":\"es\",\"potentialAction\":[{\"@type\":\"ReadAction\",\"target\":[\"https:\/\/www.pymalmansa.com\/es\/profesionales\/tratamientos\/anti-graffitis\/\"]}]},{\"@type\":\"ImageObject\",\"inLanguage\":\"es\",\"@id\":\"https:\/\/www.pymalmansa.com\/es\/profesionales\/tratamientos\/anti-graffitis\/#primaryimage\",\"url\":\"https:\/\/www.pymalmansa.com\/wp-content\/uploads\/tratamientos.jpg\",\"contentUrl\":\"https:\/\/www.pymalmansa.com\/wp-content\/uploads\/tratamientos.jpg\",\"width\":750,\"height\":569,\"caption\":\"Tratamientos\"},{\"@type\":\"BreadcrumbList\",\"@id\":\"https:\/\/www.pymalmansa.com\/es\/profesionales\/tratamientos\/anti-graffitis\/#breadcrumb\",\"itemListElement\":[{\"@type\":\"ListItem\",\"position\":1,\"name\":\"Inici\",\"item\":\"https:\/\/www.pymalmansa.com\/es\/\"},{\"@type\":\"ListItem\",\"position\":2,\"name\":\"Profesionales\",\"item\":\"https:\/\/www.pymalmansa.com\/es\/profesionales\/\"},{\"@type\":\"ListItem\",\"position\":3,\"name\":\"Tractamientos\",\"item\":\"https:\/\/www.pymalmansa.com\/es\/profesionales\/tratamientos\/\"},{\"@type\":\"ListItem\",\"position\":4,\"name\":\"Anti-Graffitis\"}]},{\"@type\":\"WebSite\",\"@id\":\"https:\/\/www.pymalmansa.com\/#website\",\"url\":\"https:\/\/www.pymalmansa.com\/\",\"name\":\"Piedras y M\u00e1rmoles Almansa\",\"description\":\"Altre lloc gestionat amb el WordPress\",\"potentialAction\":[{\"@type\":\"SearchAction\",\"target\":{\"@type\":\"EntryPoint\",\"urlTemplate\":\"https:\/\/www.pymalmansa.com\/?s={search_term_string}\"},\"query-input\":\"required name=search_term_string\"}],\"inLanguage\":\"es\"}]}<\/script>\n<!-- \/ Yoast SEO plugin. -->","yoast_head_json":{"title":"Anti-Graffitis - Piedras y M\u00e1rmoles Almansa","robots":{"index":"index","follow":"follow","max-snippet":"max-snippet:-1","max-image-preview":"max-image-preview:large","max-video-preview":"max-video-preview:-1"},"canonical":"https:\/\/www.pymalmansa.com\/es\/profesionales\/tratamientos\/anti-graffitis\/","og_locale":"es_ES","og_type":"article","og_title":"Anti-Graffitis - Piedras y M\u00e1rmoles Almansa","og_url":"https:\/\/www.pymalmansa.com\/es\/profesionales\/tratamientos\/anti-graffitis\/","og_site_name":"Piedras y M\u00e1rmoles Almansa","article_modified_time":"2024-03-01T15:40:14+00:00","og_image":[{"url":"https:\/\/www.pymalmansa.com\/wp-content\/uploads\/tratamientos.jpg"}],"twitter_card":"summary_large_image","twitter_misc":{"Tiempo de lectura":"2 minutos"},"schema":{"@context":"https:\/\/schema.org","@graph":[{"@type":"WebPage","@id":"https:\/\/www.pymalmansa.com\/es\/profesionales\/tratamientos\/anti-graffitis\/","url":"https:\/\/www.pymalmansa.com\/es\/profesionales\/tratamientos\/anti-graffitis\/","name":"Anti-Graffitis - Piedras y M\u00e1rmoles Almansa","isPartOf":{"@id":"https:\/\/www.pymalmansa.com\/#website"},"primaryImageOfPage":{"@id":"https:\/\/www.pymalmansa.com\/es\/profesionales\/tratamientos\/anti-graffitis\/#primaryimage"},"image":{"@id":"https:\/\/www.pymalmansa.com\/es\/profesionales\/tratamientos\/anti-graffitis\/#primaryimage"},"thumbnailUrl":"https:\/\/www.pymalmansa.com\/wp-content\/uploads\/tratamientos.jpg","datePublished":"2016-03-05T17:41:30+00:00","dateModified":"2024-03-01T15:40:14+00:00","breadcrumb":{"@id":"https:\/\/www.pymalmansa.com\/es\/profesionales\/tratamientos\/anti-graffitis\/#breadcrumb"},"inLanguage":"es","potentialAction":[{"@type":"ReadAction","target":["https:\/\/www.pymalmansa.com\/es\/profesionales\/tratamientos\/anti-graffitis\/"]}]},{"@type":"ImageObject","inLanguage":"es","@id":"https:\/\/www.pymalmansa.com\/es\/profesionales\/tratamientos\/anti-graffitis\/#primaryimage","url":"https:\/\/www.pymalmansa.com\/wp-content\/uploads\/tratamientos.jpg","contentUrl":"https:\/\/www.pymalmansa.com\/wp-content\/uploads\/tratamientos.jpg","width":750,"height":569,"caption":"Tratamientos"},{"@type":"BreadcrumbList","@id":"https:\/\/www.pymalmansa.com\/es\/profesionales\/tratamientos\/anti-graffitis\/#breadcrumb","itemListElement":[{"@type":"ListItem","position":1,"name":"Inici","item":"https:\/\/www.pymalmansa.com\/es\/"},{"@type":"ListItem","position":2,"name":"Profesionales","item":"https:\/\/www.pymalmansa.com\/es\/profesionales\/"},{"@type":"ListItem","position":3,"name":"Tractamientos","item":"https:\/\/www.pymalmansa.com\/es\/profesionales\/tratamientos\/"},{"@type":"ListItem","position":4,"name":"Anti-Graffitis"}]},{"@type":"WebSite","@id":"https:\/\/www.pymalmansa.com\/#website","url":"https:\/\/www.pymalmansa.com\/","name":"Piedras y M\u00e1rmoles Almansa","description":"Altre lloc gestionat amb el WordPress","potentialAction":[{"@type":"SearchAction","target":{"@type":"EntryPoint","urlTemplate":"https:\/\/www.pymalmansa.com\/?s={search_term_string}"},"query-input":"required name=search_term_string"}],"inLanguage":"es"}]}},"_links":{"self":[{"href":"https:\/\/www.pymalmansa.com\/es\/wp-json\/wp\/v2\/pages\/451"}],"collection":[{"href":"https:\/\/www.pymalmansa.com\/es\/wp-json\/wp\/v2\/pages"}],"about":[{"href":"https:\/\/www.pymalmansa.com\/es\/wp-json\/wp\/v2\/types\/page"}],"author":[{"embeddable":true,"href":"https:\/\/www.pymalmansa.com\/es\/wp-json\/wp\/v2\/users\/1"}],"replies":[{"embeddable":true,"href":"https:\/\/www.pymalmansa.com\/es\/wp-json\/wp\/v2\/comments?post=451"}],"version-history":[{"count":5,"href":"https:\/\/www.pymalmansa.com\/es\/wp-json\/wp\/v2\/pages\/451\/revisions"}],"predecessor-version":[{"id":818,"href":"https:\/\/www.pymalmansa.com\/es\/wp-json\/wp\/v2\/pages\/451\/revisions\/818"}],"up":[{"embeddable":true,"href":"https:\/\/www.pymalmansa.com\/es\/wp-json\/wp\/v2\/pages\/216"}],"wp:attachment":[{"href":"https:\/\/www.pymalmansa.com\/es\/wp-json\/wp\/v2\/media?parent=451"}],"curies":[{"name":"wp","href":"https:\/\/api.w.org\/{rel}","templated":true}]}}