{"id":308,"date":"2016-03-04T10:21:33","date_gmt":"2016-03-04T10:21:33","guid":{"rendered":"https:\/\/www.pymalmansa.com\/es\/?page_id=308"},"modified":"2024-03-01T15:40:14","modified_gmt":"2024-03-01T15:40:14","slug":"dekton","status":"publish","type":"page","link":"https:\/\/www.pymalmansa.com\/es\/profesionales\/materiales\/dekton\/","title":{"rendered":"Dekton"},"content":{"rendered":"<div class=\"fusion-fullwidth fullwidth-box fusion-builder-row-1 hundred-percent-fullwidth non-hundred-percent-height-scrolling\" style=\"--awb-border-radius-top-left:0px;--awb-border-radius-top-right:0px;--awb-border-radius-bottom-right:0px;--awb-border-radius-bottom-left:0px;--awb-overflow:visible;--awb-flex-wrap:wrap;\" ><div class=\"fusion-builder-row fusion-row\"><div class=\"fusion-layout-column fusion_builder_column fusion-builder-column-0 fusion_builder_column_1_1 1_1 fusion-one-full fusion-column-first fusion-column-last\" style=\"--awb-bg-size:cover;\"><div class=\"fusion-column-wrapper fusion-flex-column-wrapper-legacy\"><div class=\"fusion-text fusion-text-1\"><p>Dekton es una superficie ultra compacta. Para su fabricaci\u00f3n se utiliza la exclusiva tecnolog\u00eda \u201cTSP\u201d, un proceso tecnol\u00f3gico que reproduce de forma acelerada los cambios metam\u00f3rficos que sufre la piedra natural al exponerse durante milenios a altas presiones y altas temperaturas.<\/p>\n<p>La microscop\u00eda electr\u00f3nica permite apreciar la nula porosidad del material, consecuencia del proceso de sinterizaci\u00f3n y ultra compactaci\u00f3n exclusiva de DEKTON. Esa porosidad cero y la inexistencia de micro defectos causantes de tensiones o puntos d\u00e9biles, generan la caracter\u00edstica diferencial de DEKTON, una alta resistencia al calor y excelente resistencia al rayado.<\/p>\n<\/div><div class=\"fusion-clearfix\"><\/div><\/div><\/div><div class=\"fusion-layout-column fusion_builder_column fusion-builder-column-1 fusion_builder_column_1_1 1_1 fusion-one-full fusion-column-first fusion-column-last\" style=\"--awb-bg-size:cover;\"><div class=\"fusion-column-wrapper fusion-flex-column-wrapper-legacy\"><div class=\"fusion-image-element fusion-image-align-center in-legacy-container\" style=\"text-align:center;--awb-liftup-border-radius:0px;--awb-caption-title-font-family:var(--h2_typography-font-family);--awb-caption-title-font-weight:var(--h2_typography-font-weight);--awb-caption-title-font-style:var(--h2_typography-font-style);--awb-caption-title-size:var(--h2_typography-font-size);--awb-caption-title-transform:var(--h2_typography-text-transform);--awb-caption-title-line-height:var(--h2_typography-line-height);--awb-caption-title-letter-spacing:var(--h2_typography-letter-spacing);\"><div class=\"imageframe-align-center\"><div class=\"awb-image-frame awb-image-frame-1 imageframe-liftup\"><span class=\" fusion-imageframe imageframe-glow imageframe-1\" style=\"-webkit-box-shadow: 0 0 3px rgba(0,0,0,0.3);box-shadow: 0 0 3px rgba(0,0,0,0.3);\"><a class=\"fusion-no-lightbox\" href=\"http:\/\/www.dekton.es\" target=\"_blank\" aria-label=\"dekton\" rel=\"noopener noreferrer\"><img decoding=\"async\" width=\"150\" height=\"150\" src=\"https:\/\/www.pymalmansa.com\/wp-content\/uploads\/dekton-e1455637157621.jpg\" alt class=\"img-responsive wp-image-134\"\/><\/a><\/span><\/div><\/div><\/div><div class=\"fusion-clearfix\"><\/div><\/div><\/div><\/div><\/div>\n","protected":false},"excerpt":{"rendered":"","protected":false},"author":1,"featured_media":0,"parent":212,"menu_order":12,"comment_status":"closed","ping_status":"closed","template":"","meta":{"footnotes":""},"yoast_head":"<!-- This site is optimized with the Yoast SEO plugin v22.3 - https:\/\/yoast.com\/wordpress\/plugins\/seo\/ -->\n<title>Dekton - Piedras y M\u00e1rmoles Almansa<\/title>\n<meta name=\"robots\" content=\"index, follow, max-snippet:-1, max-image-preview:large, max-video-preview:-1\" \/>\n<link rel=\"canonical\" href=\"https:\/\/www.pymalmansa.com\/es\/profesionales\/materiales\/dekton\/\" \/>\n<meta property=\"og:locale\" content=\"es_ES\" \/>\n<meta property=\"og:type\" content=\"article\" \/>\n<meta property=\"og:title\" content=\"Dekton - Piedras y M\u00e1rmoles Almansa\" \/>\n<meta property=\"og:url\" content=\"https:\/\/www.pymalmansa.com\/es\/profesionales\/materiales\/dekton\/\" \/>\n<meta property=\"og:site_name\" content=\"Piedras y M\u00e1rmoles Almansa\" \/>\n<meta property=\"article:modified_time\" content=\"2024-03-01T15:40:14+00:00\" \/>\n<meta property=\"og:image\" content=\"https:\/\/www.pymalmansa.com\/wp-content\/uploads\/dekton-e1455637157621.jpg\" \/>\n<meta name=\"twitter:card\" content=\"summary_large_image\" \/>\n<meta name=\"twitter:label1\" content=\"Tiempo de lectura\" \/>\n\t<meta name=\"twitter:data1\" content=\"1 minuto\" \/>\n<script type=\"application\/ld+json\" class=\"yoast-schema-graph\">{\"@context\":\"https:\/\/schema.org\",\"@graph\":[{\"@type\":\"WebPage\",\"@id\":\"https:\/\/www.pymalmansa.com\/es\/profesionales\/materiales\/dekton\/\",\"url\":\"https:\/\/www.pymalmansa.com\/es\/profesionales\/materiales\/dekton\/\",\"name\":\"Dekton - Piedras y M\u00e1rmoles Almansa\",\"isPartOf\":{\"@id\":\"https:\/\/www.pymalmansa.com\/#website\"},\"primaryImageOfPage\":{\"@id\":\"https:\/\/www.pymalmansa.com\/es\/profesionales\/materiales\/dekton\/#primaryimage\"},\"image\":{\"@id\":\"https:\/\/www.pymalmansa.com\/es\/profesionales\/materiales\/dekton\/#primaryimage\"},\"thumbnailUrl\":\"https:\/\/www.pymalmansa.com\/wp-content\/uploads\/dekton-e1455637157621.jpg\",\"datePublished\":\"2016-03-04T10:21:33+00:00\",\"dateModified\":\"2024-03-01T15:40:14+00:00\",\"breadcrumb\":{\"@id\":\"https:\/\/www.pymalmansa.com\/es\/profesionales\/materiales\/dekton\/#breadcrumb\"},\"inLanguage\":\"es\",\"potentialAction\":[{\"@type\":\"ReadAction\",\"target\":[\"https:\/\/www.pymalmansa.com\/es\/profesionales\/materiales\/dekton\/\"]}]},{\"@type\":\"ImageObject\",\"inLanguage\":\"es\",\"@id\":\"https:\/\/www.pymalmansa.com\/es\/profesionales\/materiales\/dekton\/#primaryimage\",\"url\":\"https:\/\/www.pymalmansa.com\/wp-content\/uploads\/dekton-e1455637157621.jpg\",\"contentUrl\":\"https:\/\/www.pymalmansa.com\/wp-content\/uploads\/dekton-e1455637157621.jpg\",\"width\":150,\"height\":150},{\"@type\":\"BreadcrumbList\",\"@id\":\"https:\/\/www.pymalmansa.com\/es\/profesionales\/materiales\/dekton\/#breadcrumb\",\"itemListElement\":[{\"@type\":\"ListItem\",\"position\":1,\"name\":\"Inici\",\"item\":\"https:\/\/www.pymalmansa.com\/es\/\"},{\"@type\":\"ListItem\",\"position\":2,\"name\":\"Profesionales\",\"item\":\"https:\/\/www.pymalmansa.com\/es\/profesionales\/\"},{\"@type\":\"ListItem\",\"position\":3,\"name\":\"Materiales\",\"item\":\"https:\/\/www.pymalmansa.com\/es\/profesionales\/materiales\/\"},{\"@type\":\"ListItem\",\"position\":4,\"name\":\"Dekton\"}]},{\"@type\":\"WebSite\",\"@id\":\"https:\/\/www.pymalmansa.com\/#website\",\"url\":\"https:\/\/www.pymalmansa.com\/\",\"name\":\"Piedras y M\u00e1rmoles Almansa\",\"description\":\"Altre lloc gestionat amb el WordPress\",\"potentialAction\":[{\"@type\":\"SearchAction\",\"target\":{\"@type\":\"EntryPoint\",\"urlTemplate\":\"https:\/\/www.pymalmansa.com\/?s={search_term_string}\"},\"query-input\":\"required name=search_term_string\"}],\"inLanguage\":\"es\"}]}<\/script>\n<!-- \/ Yoast SEO plugin. -->","yoast_head_json":{"title":"Dekton - Piedras y M\u00e1rmoles Almansa","robots":{"index":"index","follow":"follow","max-snippet":"max-snippet:-1","max-image-preview":"max-image-preview:large","max-video-preview":"max-video-preview:-1"},"canonical":"https:\/\/www.pymalmansa.com\/es\/profesionales\/materiales\/dekton\/","og_locale":"es_ES","og_type":"article","og_title":"Dekton - Piedras y M\u00e1rmoles Almansa","og_url":"https:\/\/www.pymalmansa.com\/es\/profesionales\/materiales\/dekton\/","og_site_name":"Piedras y M\u00e1rmoles Almansa","article_modified_time":"2024-03-01T15:40:14+00:00","og_image":[{"url":"https:\/\/www.pymalmansa.com\/wp-content\/uploads\/dekton-e1455637157621.jpg"}],"twitter_card":"summary_large_image","twitter_misc":{"Tiempo de lectura":"1 minuto"},"schema":{"@context":"https:\/\/schema.org","@graph":[{"@type":"WebPage","@id":"https:\/\/www.pymalmansa.com\/es\/profesionales\/materiales\/dekton\/","url":"https:\/\/www.pymalmansa.com\/es\/profesionales\/materiales\/dekton\/","name":"Dekton - Piedras y M\u00e1rmoles Almansa","isPartOf":{"@id":"https:\/\/www.pymalmansa.com\/#website"},"primaryImageOfPage":{"@id":"https:\/\/www.pymalmansa.com\/es\/profesionales\/materiales\/dekton\/#primaryimage"},"image":{"@id":"https:\/\/www.pymalmansa.com\/es\/profesionales\/materiales\/dekton\/#primaryimage"},"thumbnailUrl":"https:\/\/www.pymalmansa.com\/wp-content\/uploads\/dekton-e1455637157621.jpg","datePublished":"2016-03-04T10:21:33+00:00","dateModified":"2024-03-01T15:40:14+00:00","breadcrumb":{"@id":"https:\/\/www.pymalmansa.com\/es\/profesionales\/materiales\/dekton\/#breadcrumb"},"inLanguage":"es","potentialAction":[{"@type":"ReadAction","target":["https:\/\/www.pymalmansa.com\/es\/profesionales\/materiales\/dekton\/"]}]},{"@type":"ImageObject","inLanguage":"es","@id":"https:\/\/www.pymalmansa.com\/es\/profesionales\/materiales\/dekton\/#primaryimage","url":"https:\/\/www.pymalmansa.com\/wp-content\/uploads\/dekton-e1455637157621.jpg","contentUrl":"https:\/\/www.pymalmansa.com\/wp-content\/uploads\/dekton-e1455637157621.jpg","width":150,"height":150},{"@type":"BreadcrumbList","@id":"https:\/\/www.pymalmansa.com\/es\/profesionales\/materiales\/dekton\/#breadcrumb","itemListElement":[{"@type":"ListItem","position":1,"name":"Inici","item":"https:\/\/www.pymalmansa.com\/es\/"},{"@type":"ListItem","position":2,"name":"Profesionales","item":"https:\/\/www.pymalmansa.com\/es\/profesionales\/"},{"@type":"ListItem","position":3,"name":"Materiales","item":"https:\/\/www.pymalmansa.com\/es\/profesionales\/materiales\/"},{"@type":"ListItem","position":4,"name":"Dekton"}]},{"@type":"WebSite","@id":"https:\/\/www.pymalmansa.com\/#website","url":"https:\/\/www.pymalmansa.com\/","name":"Piedras y M\u00e1rmoles Almansa","description":"Altre lloc gestionat amb el WordPress","potentialAction":[{"@type":"SearchAction","target":{"@type":"EntryPoint","urlTemplate":"https:\/\/www.pymalmansa.com\/?s={search_term_string}"},"query-input":"required name=search_term_string"}],"inLanguage":"es"}]}},"_links":{"self":[{"href":"https:\/\/www.pymalmansa.com\/es\/wp-json\/wp\/v2\/pages\/308"}],"collection":[{"href":"https:\/\/www.pymalmansa.com\/es\/wp-json\/wp\/v2\/pages"}],"about":[{"href":"https:\/\/www.pymalmansa.com\/es\/wp-json\/wp\/v2\/types\/page"}],"author":[{"embeddable":true,"href":"https:\/\/www.pymalmansa.com\/es\/wp-json\/wp\/v2\/users\/1"}],"replies":[{"embeddable":true,"href":"https:\/\/www.pymalmansa.com\/es\/wp-json\/wp\/v2\/comments?post=308"}],"version-history":[{"count":4,"href":"https:\/\/www.pymalmansa.com\/es\/wp-json\/wp\/v2\/pages\/308\/revisions"}],"predecessor-version":[{"id":851,"href":"https:\/\/www.pymalmansa.com\/es\/wp-json\/wp\/v2\/pages\/308\/revisions\/851"}],"up":[{"embeddable":true,"href":"https:\/\/www.pymalmansa.com\/es\/wp-json\/wp\/v2\/pages\/212"}],"wp:attachment":[{"href":"https:\/\/www.pymalmansa.com\/es\/wp-json\/wp\/v2\/media?parent=308"}],"curies":[{"name":"wp","href":"https:\/\/api.w.org\/{rel}","templated":true}]}}