{"id":297,"date":"2016-03-04T11:22:00","date_gmt":"2016-03-04T11:22:00","guid":{"rendered":"https:\/\/www.pymalmansa.com\/es\/?page_id=297"},"modified":"2024-03-01T15:40:14","modified_gmt":"2024-03-01T15:40:14","slug":"granito","status":"publish","type":"page","link":"https:\/\/www.pymalmansa.com\/es\/profesionales\/materiales\/granito\/","title":{"rendered":"Granito"},"content":{"rendered":"<div class=\"fusion-fullwidth fullwidth-box fusion-builder-row-1 hundred-percent-fullwidth non-hundred-percent-height-scrolling\" style=\"--awb-border-radius-top-left:0px;--awb-border-radius-top-right:0px;--awb-border-radius-bottom-right:0px;--awb-border-radius-bottom-left:0px;--awb-overflow:visible;--awb-flex-wrap:wrap;\" ><div class=\"fusion-builder-row fusion-row\"><div class=\"fusion-layout-column fusion_builder_column fusion-builder-column-0 fusion_builder_column_1_1 1_1 fusion-one-full fusion-column-first fusion-column-last\" style=\"--awb-bg-size:cover;\"><div class=\"fusion-column-wrapper fusion-flex-column-wrapper-legacy\"><div class=\"fusion-text fusion-text-1\"><p>El granito es una roca \u00edgnea, muy compacta, de textura cristalina. Dicha roca se cristaliza a partir de un enfriamiento muy lento del Magma. Est\u00e1 formado b\u00e1sicamente de Feldespato, Cuarzo y Mica. Aunque se encuentran tambi\u00e9n otros minerales como Magnetita, Esfena, Moscovita, Cordierita, Apatito&#8230;<\/p>\n<\/div><div class=\"fusion-clearfix\"><\/div><\/div><\/div><\/div><\/div>\n","protected":false},"excerpt":{"rendered":"","protected":false},"author":1,"featured_media":0,"parent":212,"menu_order":5,"comment_status":"closed","ping_status":"closed","template":"","meta":{"footnotes":""},"yoast_head":"<!-- This site is optimized with the Yoast SEO plugin v22.3 - https:\/\/yoast.com\/wordpress\/plugins\/seo\/ -->\n<title>Granito - Piedras y M\u00e1rmoles Almansa<\/title>\n<meta name=\"robots\" content=\"index, follow, max-snippet:-1, max-image-preview:large, max-video-preview:-1\" \/>\n<link rel=\"canonical\" href=\"https:\/\/www.pymalmansa.com\/es\/profesionales\/materiales\/granito\/\" \/>\n<meta property=\"og:locale\" content=\"es_ES\" \/>\n<meta property=\"og:type\" content=\"article\" \/>\n<meta property=\"og:title\" content=\"Granito - Piedras y M\u00e1rmoles Almansa\" \/>\n<meta property=\"og:url\" content=\"https:\/\/www.pymalmansa.com\/es\/profesionales\/materiales\/granito\/\" \/>\n<meta property=\"og:site_name\" content=\"Piedras y M\u00e1rmoles Almansa\" \/>\n<meta property=\"article:modified_time\" content=\"2024-03-01T15:40:14+00:00\" \/>\n<meta name=\"twitter:card\" content=\"summary_large_image\" \/>\n<meta name=\"twitter:label1\" content=\"Tiempo de lectura\" \/>\n\t<meta name=\"twitter:data1\" content=\"1 minuto\" \/>\n<script type=\"application\/ld+json\" class=\"yoast-schema-graph\">{\"@context\":\"https:\/\/schema.org\",\"@graph\":[{\"@type\":\"WebPage\",\"@id\":\"https:\/\/www.pymalmansa.com\/es\/profesionales\/materiales\/granito\/\",\"url\":\"https:\/\/www.pymalmansa.com\/es\/profesionales\/materiales\/granito\/\",\"name\":\"Granito - Piedras y M\u00e1rmoles Almansa\",\"isPartOf\":{\"@id\":\"https:\/\/www.pymalmansa.com\/#website\"},\"datePublished\":\"2016-03-04T11:22:00+00:00\",\"dateModified\":\"2024-03-01T15:40:14+00:00\",\"breadcrumb\":{\"@id\":\"https:\/\/www.pymalmansa.com\/es\/profesionales\/materiales\/granito\/#breadcrumb\"},\"inLanguage\":\"es\",\"potentialAction\":[{\"@type\":\"ReadAction\",\"target\":[\"https:\/\/www.pymalmansa.com\/es\/profesionales\/materiales\/granito\/\"]}]},{\"@type\":\"BreadcrumbList\",\"@id\":\"https:\/\/www.pymalmansa.com\/es\/profesionales\/materiales\/granito\/#breadcrumb\",\"itemListElement\":[{\"@type\":\"ListItem\",\"position\":1,\"name\":\"Inici\",\"item\":\"https:\/\/www.pymalmansa.com\/es\/\"},{\"@type\":\"ListItem\",\"position\":2,\"name\":\"Profesionales\",\"item\":\"https:\/\/www.pymalmansa.com\/es\/profesionales\/\"},{\"@type\":\"ListItem\",\"position\":3,\"name\":\"Materiales\",\"item\":\"https:\/\/www.pymalmansa.com\/es\/profesionales\/materiales\/\"},{\"@type\":\"ListItem\",\"position\":4,\"name\":\"Granito\"}]},{\"@type\":\"WebSite\",\"@id\":\"https:\/\/www.pymalmansa.com\/#website\",\"url\":\"https:\/\/www.pymalmansa.com\/\",\"name\":\"Piedras y M\u00e1rmoles Almansa\",\"description\":\"Altre lloc gestionat amb el WordPress\",\"potentialAction\":[{\"@type\":\"SearchAction\",\"target\":{\"@type\":\"EntryPoint\",\"urlTemplate\":\"https:\/\/www.pymalmansa.com\/?s={search_term_string}\"},\"query-input\":\"required name=search_term_string\"}],\"inLanguage\":\"es\"}]}<\/script>\n<!-- \/ Yoast SEO plugin. -->","yoast_head_json":{"title":"Granito - Piedras y M\u00e1rmoles Almansa","robots":{"index":"index","follow":"follow","max-snippet":"max-snippet:-1","max-image-preview":"max-image-preview:large","max-video-preview":"max-video-preview:-1"},"canonical":"https:\/\/www.pymalmansa.com\/es\/profesionales\/materiales\/granito\/","og_locale":"es_ES","og_type":"article","og_title":"Granito - Piedras y M\u00e1rmoles Almansa","og_url":"https:\/\/www.pymalmansa.com\/es\/profesionales\/materiales\/granito\/","og_site_name":"Piedras y M\u00e1rmoles Almansa","article_modified_time":"2024-03-01T15:40:14+00:00","twitter_card":"summary_large_image","twitter_misc":{"Tiempo de lectura":"1 minuto"},"schema":{"@context":"https:\/\/schema.org","@graph":[{"@type":"WebPage","@id":"https:\/\/www.pymalmansa.com\/es\/profesionales\/materiales\/granito\/","url":"https:\/\/www.pymalmansa.com\/es\/profesionales\/materiales\/granito\/","name":"Granito - Piedras y M\u00e1rmoles Almansa","isPartOf":{"@id":"https:\/\/www.pymalmansa.com\/#website"},"datePublished":"2016-03-04T11:22:00+00:00","dateModified":"2024-03-01T15:40:14+00:00","breadcrumb":{"@id":"https:\/\/www.pymalmansa.com\/es\/profesionales\/materiales\/granito\/#breadcrumb"},"inLanguage":"es","potentialAction":[{"@type":"ReadAction","target":["https:\/\/www.pymalmansa.com\/es\/profesionales\/materiales\/granito\/"]}]},{"@type":"BreadcrumbList","@id":"https:\/\/www.pymalmansa.com\/es\/profesionales\/materiales\/granito\/#breadcrumb","itemListElement":[{"@type":"ListItem","position":1,"name":"Inici","item":"https:\/\/www.pymalmansa.com\/es\/"},{"@type":"ListItem","position":2,"name":"Profesionales","item":"https:\/\/www.pymalmansa.com\/es\/profesionales\/"},{"@type":"ListItem","position":3,"name":"Materiales","item":"https:\/\/www.pymalmansa.com\/es\/profesionales\/materiales\/"},{"@type":"ListItem","position":4,"name":"Granito"}]},{"@type":"WebSite","@id":"https:\/\/www.pymalmansa.com\/#website","url":"https:\/\/www.pymalmansa.com\/","name":"Piedras y M\u00e1rmoles Almansa","description":"Altre lloc gestionat amb el WordPress","potentialAction":[{"@type":"SearchAction","target":{"@type":"EntryPoint","urlTemplate":"https:\/\/www.pymalmansa.com\/?s={search_term_string}"},"query-input":"required name=search_term_string"}],"inLanguage":"es"}]}},"_links":{"self":[{"href":"https:\/\/www.pymalmansa.com\/es\/wp-json\/wp\/v2\/pages\/297"}],"collection":[{"href":"https:\/\/www.pymalmansa.com\/es\/wp-json\/wp\/v2\/pages"}],"about":[{"href":"https:\/\/www.pymalmansa.com\/es\/wp-json\/wp\/v2\/types\/page"}],"author":[{"embeddable":true,"href":"https:\/\/www.pymalmansa.com\/es\/wp-json\/wp\/v2\/users\/1"}],"replies":[{"embeddable":true,"href":"https:\/\/www.pymalmansa.com\/es\/wp-json\/wp\/v2\/comments?post=297"}],"version-history":[{"count":3,"href":"https:\/\/www.pymalmansa.com\/es\/wp-json\/wp\/v2\/pages\/297\/revisions"}],"predecessor-version":[{"id":847,"href":"https:\/\/www.pymalmansa.com\/es\/wp-json\/wp\/v2\/pages\/297\/revisions\/847"}],"up":[{"embeddable":true,"href":"https:\/\/www.pymalmansa.com\/es\/wp-json\/wp\/v2\/pages\/212"}],"wp:attachment":[{"href":"https:\/\/www.pymalmansa.com\/es\/wp-json\/wp\/v2\/media?parent=297"}],"curies":[{"name":"wp","href":"https:\/\/api.w.org\/{rel}","templated":true}]}}