{"id":221,"date":"2016-03-04T09:04:44","date_gmt":"2016-03-04T09:04:44","guid":{"rendered":"https:\/\/www.pymalmansa.com\/es\/?page_id=221"},"modified":"2024-03-01T15:40:15","modified_gmt":"2024-03-01T15:40:15","slug":"aglomerat-silice-silestone","status":"publish","type":"page","link":"https:\/\/www.pymalmansa.com\/es\/profesionales\/materiales\/aglomerat-silice-silestone\/","title":{"rendered":"Aglomerat S\u00edlice \/ Silestone \u00ae"},"content":{"rendered":"<div class=\"fusion-fullwidth fullwidth-box fusion-builder-row-1 hundred-percent-fullwidth non-hundred-percent-height-scrolling\" style=\"--awb-border-radius-top-left:0px;--awb-border-radius-top-right:0px;--awb-border-radius-bottom-right:0px;--awb-border-radius-bottom-left:0px;--awb-overflow:visible;--awb-flex-wrap:wrap;\" ><div class=\"fusion-builder-row fusion-row\"><div class=\"fusion-layout-column fusion_builder_column fusion-builder-column-0 fusion_builder_column_1_1 1_1 fusion-one-full fusion-column-first fusion-column-last\" style=\"--awb-bg-size:cover;\"><div class=\"fusion-column-wrapper fusion-flex-column-wrapper-legacy\"><div class=\"fusion-text fusion-text-1\"><p>L\u2019aglomerat de s\u00edlice es fabrica mitjan\u00e7ant un proc\u00e9s anomenat Bretonstone System, que consisteix en la compactaci\u00f3 per vibro compressi\u00f3 al buit, de entre 90 y 95% de S\u00edlice, Quars, 7% de resina de poli\u00e8ster, i en menor mesura, colorants, additius, i depenent de la classe, trossets de cristalls i\/o Quars. Una vegada compactat en el motlle, s\u2019introdueix en un forn a una temperatura de al voltant de 85\u00b0C durant uns 30 minuts, per aconseguir la seva polimeritzaci\u00f3.<\/p>\n<p>Els sint\u00e8tics de base de s\u00edlice com \u00e9s el cas de Silestone\u00ae s\u00f3n, per la seva gran duresa i baixa absorci\u00f3, materials ideals per a plats de cocci\u00f3 de cu\u00efna o bany, aix\u00ed com per a paviments i revestiment de parets per a aquestes estances. Per altre costat, el seu \u00fas no \u00e9s recomanable en exteriors en acabats polit.<\/p>\n<p>Silestone, capdavanter mundial en la fabricaci\u00f3 d\u2019aquest material, incorpora en exclusiva un component que inhibeix la proliferaci\u00f3 de bact\u00e8ries.<\/p>\n<p>Disponible en acabat Polit, Suede\u00ae i Volcano\u00ae (Segons colors) Possibilitat de acabat sorrejat sota comanda.<\/p>\n<\/div><div class=\"fusion-clearfix\"><\/div><\/div><\/div><div class=\"fusion-layout-column fusion_builder_column fusion-builder-column-1 fusion_builder_column_1_1 1_1 fusion-one-full fusion-column-first fusion-column-last\" style=\"--awb-bg-size:cover;--awb-margin-bottom:-5px;\"><div class=\"fusion-column-wrapper fusion-flex-column-wrapper-legacy\"><div class=\"fusion-text fusion-text-2\"><p><strong>COLORS D&#8217;EXEMPLE:<\/strong><\/p>\n<\/div><div class=\"fusion-clearfix\"><\/div><\/div><\/div><div class=\"fusion-layout-column fusion_builder_column fusion-builder-column-2 fusion_builder_column_1_3 1_3 fusion-one-third fusion-column-first\" style=\"--awb-padding-right:8px;--awb-bg-size:cover;width:30.6666%; margin-right: 4%;\"><div class=\"fusion-column-wrapper fusion-flex-column-wrapper-legacy\"><div class=\"fusion-image-element in-legacy-container\" style=\"--awb-liftup-border-radius:0px;--awb-caption-title-font-family:var(--h2_typography-font-family);--awb-caption-title-font-weight:var(--h2_typography-font-weight);--awb-caption-title-font-style:var(--h2_typography-font-style);--awb-caption-title-size:var(--h2_typography-font-size);--awb-caption-title-transform:var(--h2_typography-text-transform);--awb-caption-title-line-height:var(--h2_typography-line-height);--awb-caption-title-letter-spacing:var(--h2_typography-letter-spacing);\"><div class=\"awb-image-frame awb-image-frame-1 imageframe-liftup\"><span class=\" fusion-imageframe imageframe-glow imageframe-1\" style=\"-webkit-box-shadow: 0 0 3px rgba(0,0,0,0.3);box-shadow: 0 0 3px rgba(0,0,0,0.3);\"><a href=\"https:\/\/www.pymalmansa.com\/wp-content\/uploads\/silestone-detail_noka.jpg\" class=\"fusion-lightbox\" data-rel=\"iLightbox[06b52448127e1204f09]\" data-title=\"silestone-detail_noka\" title=\"silestone-detail_noka\"><img decoding=\"async\" width=\"1000\" height=\"500\" src=\"https:\/\/www.pymalmansa.com\/wp-content\/uploads\/silestone-detail_noka.jpg\" alt class=\"img-responsive wp-image-496\" srcset=\"https:\/\/www.pymalmansa.com\/wp-content\/uploads\/silestone-detail_noka-150x75.jpg 150w, https:\/\/www.pymalmansa.com\/wp-content\/uploads\/silestone-detail_noka-300x150.jpg 300w, https:\/\/www.pymalmansa.com\/wp-content\/uploads\/silestone-detail_noka.jpg 1000w\" sizes=\"(max-width: 1000px) 100vw, 1000px\" \/><\/a><\/span><\/div><\/div><div class=\"fusion-clearfix\"><\/div><\/div><\/div><div class=\"fusion-layout-column fusion_builder_column fusion-builder-column-3 fusion_builder_column_1_3 1_3 fusion-one-third\" style=\"--awb-padding-right:4px;--awb-padding-left:4px;--awb-bg-size:cover;width:30.6666%; margin-right: 4%;\"><div class=\"fusion-column-wrapper fusion-flex-column-wrapper-legacy\"><div class=\"fusion-image-element in-legacy-container\" style=\"--awb-liftup-border-radius:0px;--awb-caption-title-font-family:var(--h2_typography-font-family);--awb-caption-title-font-weight:var(--h2_typography-font-weight);--awb-caption-title-font-style:var(--h2_typography-font-style);--awb-caption-title-size:var(--h2_typography-font-size);--awb-caption-title-transform:var(--h2_typography-text-transform);--awb-caption-title-line-height:var(--h2_typography-line-height);--awb-caption-title-letter-spacing:var(--h2_typography-letter-spacing);\"><div class=\"awb-image-frame awb-image-frame-2 imageframe-liftup\"><span class=\" fusion-imageframe imageframe-glow imageframe-2\" style=\"-webkit-box-shadow: 0 0 3px rgba(0,0,0,0.3);box-shadow: 0 0 3px rgba(0,0,0,0.3);\"><a href=\"https:\/\/www.pymalmansa.com\/wp-content\/uploads\/silestone-detail_rougui.jpg\" class=\"fusion-lightbox\" data-rel=\"iLightbox[dad57a04733210c097c]\" data-title=\"silestone-detail_rougui\" title=\"silestone-detail_rougui\"><img decoding=\"async\" width=\"1000\" height=\"500\" src=\"https:\/\/www.pymalmansa.com\/wp-content\/uploads\/silestone-detail_rougui.jpg\" alt class=\"img-responsive wp-image-498\" srcset=\"https:\/\/www.pymalmansa.com\/wp-content\/uploads\/silestone-detail_rougui-150x75.jpg 150w, https:\/\/www.pymalmansa.com\/wp-content\/uploads\/silestone-detail_rougui-300x150.jpg 300w, https:\/\/www.pymalmansa.com\/wp-content\/uploads\/silestone-detail_rougui.jpg 1000w\" sizes=\"(max-width: 1000px) 100vw, 1000px\" \/><\/a><\/span><\/div><\/div><div class=\"fusion-clearfix\"><\/div><\/div><\/div><div class=\"fusion-layout-column fusion_builder_column fusion-builder-column-4 fusion_builder_column_1_3 1_3 fusion-one-third fusion-column-last\" style=\"--awb-padding-left:8px;--awb-bg-size:cover;width:30.6666%;\"><div class=\"fusion-column-wrapper fusion-flex-column-wrapper-legacy\"><div class=\"fusion-image-element in-legacy-container\" style=\"--awb-liftup-border-radius:0px;--awb-caption-title-font-family:var(--h2_typography-font-family);--awb-caption-title-font-weight:var(--h2_typography-font-weight);--awb-caption-title-font-style:var(--h2_typography-font-style);--awb-caption-title-size:var(--h2_typography-font-size);--awb-caption-title-transform:var(--h2_typography-text-transform);--awb-caption-title-line-height:var(--h2_typography-line-height);--awb-caption-title-letter-spacing:var(--h2_typography-letter-spacing);\"><div class=\"awb-image-frame awb-image-frame-3 imageframe-liftup\"><span class=\" fusion-imageframe imageframe-glow imageframe-3\" style=\"-webkit-box-shadow: 0 0 3px rgba(0,0,0,0.3);box-shadow: 0 0 3px rgba(0,0,0,0.3);\"><a href=\"https:\/\/www.pymalmansa.com\/wp-content\/uploads\/silestone-detail_niebla.jpg\" class=\"fusion-lightbox\" data-rel=\"iLightbox[5524cc5d9d66ae7c721]\" data-title=\"silestone-detail_niebla\" title=\"silestone-detail_niebla\"><img decoding=\"async\" width=\"1000\" height=\"500\" src=\"https:\/\/www.pymalmansa.com\/wp-content\/uploads\/silestone-detail_niebla.jpg\" alt class=\"img-responsive wp-image-494\" srcset=\"https:\/\/www.pymalmansa.com\/wp-content\/uploads\/silestone-detail_niebla-150x75.jpg 150w, https:\/\/www.pymalmansa.com\/wp-content\/uploads\/silestone-detail_niebla-300x150.jpg 300w, https:\/\/www.pymalmansa.com\/wp-content\/uploads\/silestone-detail_niebla.jpg 1000w\" sizes=\"(max-width: 1000px) 100vw, 1000px\" \/><\/a><\/span><\/div><\/div><div class=\"fusion-clearfix\"><\/div><\/div><\/div><div class=\"fusion-layout-column fusion_builder_column fusion-builder-column-5 fusion_builder_column_1_3 1_3 fusion-one-third fusion-column-first\" style=\"--awb-padding-right:8px;--awb-bg-size:cover;width:30.6666%; margin-right: 4%;\"><div class=\"fusion-column-wrapper fusion-flex-column-wrapper-legacy\"><div class=\"fusion-image-element in-legacy-container\" style=\"--awb-liftup-border-radius:0px;--awb-caption-title-font-family:var(--h2_typography-font-family);--awb-caption-title-font-weight:var(--h2_typography-font-weight);--awb-caption-title-font-style:var(--h2_typography-font-style);--awb-caption-title-size:var(--h2_typography-font-size);--awb-caption-title-transform:var(--h2_typography-text-transform);--awb-caption-title-line-height:var(--h2_typography-line-height);--awb-caption-title-letter-spacing:var(--h2_typography-letter-spacing);\"><div class=\"awb-image-frame awb-image-frame-4 imageframe-liftup\"><span class=\" fusion-imageframe imageframe-glow imageframe-4\" style=\"-webkit-box-shadow: 0 0 3px rgba(0,0,0,0.3);box-shadow: 0 0 3px rgba(0,0,0,0.3);\"><a href=\"https:\/\/www.pymalmansa.com\/wp-content\/uploads\/silstone-detail_white-north.jpg\" class=\"fusion-lightbox\" data-rel=\"iLightbox[605ecb46b198f856893]\" data-title=\"silstone-detail_white-north\" title=\"silstone-detail_white-north\"><img decoding=\"async\" width=\"1000\" height=\"500\" src=\"https:\/\/www.pymalmansa.com\/wp-content\/uploads\/silstone-detail_white-north.jpg\" alt class=\"img-responsive wp-image-504\" srcset=\"https:\/\/www.pymalmansa.com\/wp-content\/uploads\/silstone-detail_white-north-150x75.jpg 150w, https:\/\/www.pymalmansa.com\/wp-content\/uploads\/silstone-detail_white-north-300x150.jpg 300w, https:\/\/www.pymalmansa.com\/wp-content\/uploads\/silstone-detail_white-north.jpg 1000w\" sizes=\"(max-width: 1000px) 100vw, 1000px\" \/><\/a><\/span><\/div><\/div><div class=\"fusion-clearfix\"><\/div><\/div><\/div><div class=\"fusion-layout-column fusion_builder_column fusion-builder-column-6 fusion_builder_column_1_3 1_3 fusion-one-third\" style=\"--awb-padding-right:4px;--awb-padding-left:4px;--awb-bg-size:cover;width:30.6666%; margin-right: 4%;\"><div class=\"fusion-column-wrapper fusion-flex-column-wrapper-legacy\"><div class=\"fusion-image-element in-legacy-container\" style=\"--awb-liftup-border-radius:0px;--awb-caption-title-font-family:var(--h2_typography-font-family);--awb-caption-title-font-weight:var(--h2_typography-font-weight);--awb-caption-title-font-style:var(--h2_typography-font-style);--awb-caption-title-size:var(--h2_typography-font-size);--awb-caption-title-transform:var(--h2_typography-text-transform);--awb-caption-title-line-height:var(--h2_typography-line-height);--awb-caption-title-letter-spacing:var(--h2_typography-letter-spacing);\"><div class=\"awb-image-frame awb-image-frame-5 imageframe-liftup\"><span class=\" fusion-imageframe imageframe-glow imageframe-5\" style=\"-webkit-box-shadow: 0 0 3px rgba(0,0,0,0.3);box-shadow: 0 0 3px rgba(0,0,0,0.3);\"><a href=\"https:\/\/www.pymalmansa.com\/wp-content\/uploads\/silestone-detail_white-storm.jpg\" class=\"fusion-lightbox\" data-rel=\"iLightbox[69ae0010bae31af8e31]\" data-title=\"silestone-detail_white-storm\" title=\"silestone-detail_white-storm\"><img decoding=\"async\" width=\"1000\" height=\"500\" src=\"https:\/\/www.pymalmansa.com\/wp-content\/uploads\/silestone-detail_white-storm.jpg\" alt class=\"img-responsive wp-image-500\" srcset=\"https:\/\/www.pymalmansa.com\/wp-content\/uploads\/silestone-detail_white-storm-150x75.jpg 150w, https:\/\/www.pymalmansa.com\/wp-content\/uploads\/silestone-detail_white-storm-300x150.jpg 300w, https:\/\/www.pymalmansa.com\/wp-content\/uploads\/silestone-detail_white-storm.jpg 1000w\" sizes=\"(max-width: 1000px) 100vw, 1000px\" \/><\/a><\/span><\/div><\/div><div class=\"fusion-clearfix\"><\/div><\/div><\/div><div class=\"fusion-layout-column fusion_builder_column fusion-builder-column-7 fusion_builder_column_1_3 1_3 fusion-one-third fusion-column-last\" style=\"--awb-padding-left:8px;--awb-bg-size:cover;width:30.6666%;\"><div class=\"fusion-column-wrapper fusion-flex-column-wrapper-legacy\"><div class=\"fusion-image-element in-legacy-container\" style=\"--awb-liftup-border-radius:0px;--awb-caption-title-font-family:var(--h2_typography-font-family);--awb-caption-title-font-weight:var(--h2_typography-font-weight);--awb-caption-title-font-style:var(--h2_typography-font-style);--awb-caption-title-size:var(--h2_typography-font-size);--awb-caption-title-transform:var(--h2_typography-text-transform);--awb-caption-title-line-height:var(--h2_typography-line-height);--awb-caption-title-letter-spacing:var(--h2_typography-letter-spacing);\"><div class=\"awb-image-frame awb-image-frame-6 imageframe-liftup\"><span class=\" fusion-imageframe imageframe-glow imageframe-6\" style=\"-webkit-box-shadow: 0 0 3px rgba(0,0,0,0.3);box-shadow: 0 0 3px rgba(0,0,0,0.3);\"><a href=\"https:\/\/www.pymalmansa.com\/wp-content\/uploads\/silestone-detail_white-zeus-extreme.jpg\" class=\"fusion-lightbox\" data-rel=\"iLightbox[8c40d82dd4081f5684f]\" data-title=\"silestone-detail_white-zeus-extreme\" title=\"silestone-detail_white-zeus-extreme\"><img decoding=\"async\" width=\"1000\" height=\"500\" src=\"https:\/\/www.pymalmansa.com\/wp-content\/uploads\/silestone-detail_white-zeus-extreme.jpg\" alt class=\"img-responsive wp-image-502\" srcset=\"https:\/\/www.pymalmansa.com\/wp-content\/uploads\/silestone-detail_white-zeus-extreme-150x75.jpg 150w, https:\/\/www.pymalmansa.com\/wp-content\/uploads\/silestone-detail_white-zeus-extreme-300x150.jpg 300w, https:\/\/www.pymalmansa.com\/wp-content\/uploads\/silestone-detail_white-zeus-extreme.jpg 1000w\" sizes=\"(max-width: 1000px) 100vw, 1000px\" \/><\/a><\/span><\/div><\/div><div class=\"fusion-clearfix\"><\/div><\/div><\/div><div class=\"fusion-layout-column fusion_builder_column fusion-builder-column-8 fusion_builder_column_1_1 1_1 fusion-one-full fusion-column-first fusion-column-last\" style=\"--awb-bg-size:cover;\"><div class=\"fusion-column-wrapper fusion-flex-column-wrapper-legacy\"><div class=\"fusion-text fusion-text-3\"><p>Si voleu veure m\u00e9s exemples de colors, visiteu la web: <a href=\"http:\/\/www.silestone.es\/colores\/\" target=\"_blank\" rel=\"noopener\">www.silestone.es\/colores<\/a>.<\/p>\n<\/div><div class=\"fusion-clearfix\"><\/div><\/div><\/div><\/div><\/div>\n","protected":false},"excerpt":{"rendered":"","protected":false},"author":1,"featured_media":0,"parent":212,"menu_order":2,"comment_status":"closed","ping_status":"closed","template":"","meta":{"footnotes":""},"yoast_head":"<!-- This site is optimized with the Yoast SEO plugin v22.3 - https:\/\/yoast.com\/wordpress\/plugins\/seo\/ -->\n<title>Aglomerat S\u00edlice \/ Silestone \u00ae - Piedras y M\u00e1rmoles Almansa<\/title>\n<meta name=\"robots\" content=\"index, follow, max-snippet:-1, max-image-preview:large, max-video-preview:-1\" \/>\n<link rel=\"canonical\" href=\"https:\/\/www.pymalmansa.com\/es\/profesionales\/materiales\/aglomerat-silice-silestone\/\" \/>\n<meta property=\"og:locale\" content=\"es_ES\" \/>\n<meta property=\"og:type\" content=\"article\" \/>\n<meta property=\"og:title\" content=\"Aglomerat S\u00edlice \/ Silestone \u00ae - Piedras y M\u00e1rmoles Almansa\" \/>\n<meta property=\"og:url\" content=\"https:\/\/www.pymalmansa.com\/es\/profesionales\/materiales\/aglomerat-silice-silestone\/\" \/>\n<meta property=\"og:site_name\" content=\"Piedras y M\u00e1rmoles Almansa\" \/>\n<meta property=\"article:modified_time\" content=\"2024-03-01T15:40:15+00:00\" \/>\n<meta property=\"og:image\" content=\"https:\/\/www.pymalmansa.com\/wp-content\/uploads\/silestone-detail_noka.jpg\" \/>\n<meta name=\"twitter:card\" content=\"summary_large_image\" \/>\n<meta name=\"twitter:label1\" content=\"Tiempo de lectura\" \/>\n\t<meta name=\"twitter:data1\" content=\"5 minutos\" \/>\n<script type=\"application\/ld+json\" class=\"yoast-schema-graph\">{\"@context\":\"https:\/\/schema.org\",\"@graph\":[{\"@type\":\"WebPage\",\"@id\":\"https:\/\/www.pymalmansa.com\/es\/profesionales\/materiales\/aglomerat-silice-silestone\/\",\"url\":\"https:\/\/www.pymalmansa.com\/es\/profesionales\/materiales\/aglomerat-silice-silestone\/\",\"name\":\"Aglomerat S\u00edlice \/ Silestone \u00ae - Piedras y M\u00e1rmoles Almansa\",\"isPartOf\":{\"@id\":\"https:\/\/www.pymalmansa.com\/#website\"},\"primaryImageOfPage\":{\"@id\":\"https:\/\/www.pymalmansa.com\/es\/profesionales\/materiales\/aglomerat-silice-silestone\/#primaryimage\"},\"image\":{\"@id\":\"https:\/\/www.pymalmansa.com\/es\/profesionales\/materiales\/aglomerat-silice-silestone\/#primaryimage\"},\"thumbnailUrl\":\"https:\/\/www.pymalmansa.com\/wp-content\/uploads\/silestone-detail_noka.jpg\",\"datePublished\":\"2016-03-04T09:04:44+00:00\",\"dateModified\":\"2024-03-01T15:40:15+00:00\",\"breadcrumb\":{\"@id\":\"https:\/\/www.pymalmansa.com\/es\/profesionales\/materiales\/aglomerat-silice-silestone\/#breadcrumb\"},\"inLanguage\":\"es\",\"potentialAction\":[{\"@type\":\"ReadAction\",\"target\":[\"https:\/\/www.pymalmansa.com\/es\/profesionales\/materiales\/aglomerat-silice-silestone\/\"]}]},{\"@type\":\"ImageObject\",\"inLanguage\":\"es\",\"@id\":\"https:\/\/www.pymalmansa.com\/es\/profesionales\/materiales\/aglomerat-silice-silestone\/#primaryimage\",\"url\":\"https:\/\/www.pymalmansa.com\/wp-content\/uploads\/silestone-detail_noka.jpg\",\"contentUrl\":\"https:\/\/www.pymalmansa.com\/wp-content\/uploads\/silestone-detail_noka.jpg\",\"width\":1000,\"height\":500,\"caption\":\"Silestone Noka\"},{\"@type\":\"BreadcrumbList\",\"@id\":\"https:\/\/www.pymalmansa.com\/es\/profesionales\/materiales\/aglomerat-silice-silestone\/#breadcrumb\",\"itemListElement\":[{\"@type\":\"ListItem\",\"position\":1,\"name\":\"Inici\",\"item\":\"https:\/\/www.pymalmansa.com\/es\/\"},{\"@type\":\"ListItem\",\"position\":2,\"name\":\"Profesionales\",\"item\":\"https:\/\/www.pymalmansa.com\/es\/profesionales\/\"},{\"@type\":\"ListItem\",\"position\":3,\"name\":\"Materiales\",\"item\":\"https:\/\/www.pymalmansa.com\/es\/profesionales\/materiales\/\"},{\"@type\":\"ListItem\",\"position\":4,\"name\":\"Aglomerat S\u00edlice \/ Silestone \u00ae\"}]},{\"@type\":\"WebSite\",\"@id\":\"https:\/\/www.pymalmansa.com\/#website\",\"url\":\"https:\/\/www.pymalmansa.com\/\",\"name\":\"Piedras y M\u00e1rmoles Almansa\",\"description\":\"Altre lloc gestionat amb el WordPress\",\"potentialAction\":[{\"@type\":\"SearchAction\",\"target\":{\"@type\":\"EntryPoint\",\"urlTemplate\":\"https:\/\/www.pymalmansa.com\/?s={search_term_string}\"},\"query-input\":\"required name=search_term_string\"}],\"inLanguage\":\"es\"}]}<\/script>\n<!-- \/ Yoast SEO plugin. -->","yoast_head_json":{"title":"Aglomerat S\u00edlice \/ Silestone \u00ae - Piedras y M\u00e1rmoles Almansa","robots":{"index":"index","follow":"follow","max-snippet":"max-snippet:-1","max-image-preview":"max-image-preview:large","max-video-preview":"max-video-preview:-1"},"canonical":"https:\/\/www.pymalmansa.com\/es\/profesionales\/materiales\/aglomerat-silice-silestone\/","og_locale":"es_ES","og_type":"article","og_title":"Aglomerat S\u00edlice \/ Silestone \u00ae - Piedras y M\u00e1rmoles Almansa","og_url":"https:\/\/www.pymalmansa.com\/es\/profesionales\/materiales\/aglomerat-silice-silestone\/","og_site_name":"Piedras y M\u00e1rmoles Almansa","article_modified_time":"2024-03-01T15:40:15+00:00","og_image":[{"url":"https:\/\/www.pymalmansa.com\/wp-content\/uploads\/silestone-detail_noka.jpg"}],"twitter_card":"summary_large_image","twitter_misc":{"Tiempo de lectura":"5 minutos"},"schema":{"@context":"https:\/\/schema.org","@graph":[{"@type":"WebPage","@id":"https:\/\/www.pymalmansa.com\/es\/profesionales\/materiales\/aglomerat-silice-silestone\/","url":"https:\/\/www.pymalmansa.com\/es\/profesionales\/materiales\/aglomerat-silice-silestone\/","name":"Aglomerat S\u00edlice \/ Silestone \u00ae - Piedras y M\u00e1rmoles Almansa","isPartOf":{"@id":"https:\/\/www.pymalmansa.com\/#website"},"primaryImageOfPage":{"@id":"https:\/\/www.pymalmansa.com\/es\/profesionales\/materiales\/aglomerat-silice-silestone\/#primaryimage"},"image":{"@id":"https:\/\/www.pymalmansa.com\/es\/profesionales\/materiales\/aglomerat-silice-silestone\/#primaryimage"},"thumbnailUrl":"https:\/\/www.pymalmansa.com\/wp-content\/uploads\/silestone-detail_noka.jpg","datePublished":"2016-03-04T09:04:44+00:00","dateModified":"2024-03-01T15:40:15+00:00","breadcrumb":{"@id":"https:\/\/www.pymalmansa.com\/es\/profesionales\/materiales\/aglomerat-silice-silestone\/#breadcrumb"},"inLanguage":"es","potentialAction":[{"@type":"ReadAction","target":["https:\/\/www.pymalmansa.com\/es\/profesionales\/materiales\/aglomerat-silice-silestone\/"]}]},{"@type":"ImageObject","inLanguage":"es","@id":"https:\/\/www.pymalmansa.com\/es\/profesionales\/materiales\/aglomerat-silice-silestone\/#primaryimage","url":"https:\/\/www.pymalmansa.com\/wp-content\/uploads\/silestone-detail_noka.jpg","contentUrl":"https:\/\/www.pymalmansa.com\/wp-content\/uploads\/silestone-detail_noka.jpg","width":1000,"height":500,"caption":"Silestone Noka"},{"@type":"BreadcrumbList","@id":"https:\/\/www.pymalmansa.com\/es\/profesionales\/materiales\/aglomerat-silice-silestone\/#breadcrumb","itemListElement":[{"@type":"ListItem","position":1,"name":"Inici","item":"https:\/\/www.pymalmansa.com\/es\/"},{"@type":"ListItem","position":2,"name":"Profesionales","item":"https:\/\/www.pymalmansa.com\/es\/profesionales\/"},{"@type":"ListItem","position":3,"name":"Materiales","item":"https:\/\/www.pymalmansa.com\/es\/profesionales\/materiales\/"},{"@type":"ListItem","position":4,"name":"Aglomerat S\u00edlice \/ Silestone \u00ae"}]},{"@type":"WebSite","@id":"https:\/\/www.pymalmansa.com\/#website","url":"https:\/\/www.pymalmansa.com\/","name":"Piedras y M\u00e1rmoles Almansa","description":"Altre lloc gestionat amb el WordPress","potentialAction":[{"@type":"SearchAction","target":{"@type":"EntryPoint","urlTemplate":"https:\/\/www.pymalmansa.com\/?s={search_term_string}"},"query-input":"required name=search_term_string"}],"inLanguage":"es"}]}},"_links":{"self":[{"href":"https:\/\/www.pymalmansa.com\/es\/wp-json\/wp\/v2\/pages\/221"}],"collection":[{"href":"https:\/\/www.pymalmansa.com\/es\/wp-json\/wp\/v2\/pages"}],"about":[{"href":"https:\/\/www.pymalmansa.com\/es\/wp-json\/wp\/v2\/types\/page"}],"author":[{"embeddable":true,"href":"https:\/\/www.pymalmansa.com\/es\/wp-json\/wp\/v2\/users\/1"}],"replies":[{"embeddable":true,"href":"https:\/\/www.pymalmansa.com\/es\/wp-json\/wp\/v2\/comments?post=221"}],"version-history":[{"count":7,"href":"https:\/\/www.pymalmansa.com\/es\/wp-json\/wp\/v2\/pages\/221\/revisions"}],"predecessor-version":[{"id":863,"href":"https:\/\/www.pymalmansa.com\/es\/wp-json\/wp\/v2\/pages\/221\/revisions\/863"}],"up":[{"embeddable":true,"href":"https:\/\/www.pymalmansa.com\/es\/wp-json\/wp\/v2\/pages\/212"}],"wp:attachment":[{"href":"https:\/\/www.pymalmansa.com\/es\/wp-json\/wp\/v2\/media?parent=221"}],"curies":[{"name":"wp","href":"https:\/\/api.w.org\/{rel}","templated":true}]}}