{"id":154,"date":"2016-01-26T11:54:54","date_gmt":"2016-01-26T11:54:54","guid":{"rendered":"https:\/\/www.pymalmansa.com\/dekton-2\/"},"modified":"2024-03-01T15:40:15","modified_gmt":"2024-03-01T15:40:15","slug":"dekton-2","status":"publish","type":"page","link":"https:\/\/www.pymalmansa.com\/es\/dekton-2\/","title":{"rendered":"Dekton"},"content":{"rendered":"<div class=\"fusion-fullwidth fullwidth-box fusion-builder-row-1 hundred-percent-fullwidth non-hundred-percent-height-scrolling\" style=\"--awb-border-radius-top-left:0px;--awb-border-radius-top-right:0px;--awb-border-radius-bottom-right:0px;--awb-border-radius-bottom-left:0px;--awb-overflow:visible;--awb-flex-wrap:wrap;\" ><div class=\"fusion-builder-row fusion-row\"><div class=\"fusion-layout-column fusion_builder_column fusion-builder-column-0 fusion_builder_column_1_1 1_1 fusion-one-full fusion-column-first fusion-column-last\" style=\"--awb-bg-size:cover;\"><div class=\"fusion-column-wrapper fusion-flex-column-wrapper-legacy\"><div class=\"fusion-image-element in-legacy-container\" style=\"--awb-caption-title-font-family:var(--h2_typography-font-family);--awb-caption-title-font-weight:var(--h2_typography-font-weight);--awb-caption-title-font-style:var(--h2_typography-font-style);--awb-caption-title-size:var(--h2_typography-font-size);--awb-caption-title-transform:var(--h2_typography-text-transform);--awb-caption-title-line-height:var(--h2_typography-line-height);--awb-caption-title-letter-spacing:var(--h2_typography-letter-spacing);\"><span class=\" fusion-imageframe imageframe-none imageframe-1 hover-type-none\"><img decoding=\"async\" width=\"1500\" height=\"430\" alt=\"Dekton, materiales para revestimientos, suelos y pavimentos, fachadas y encimeras\" title=\"dekton-materiales-para-revestimientos-suelos-y-pavimentos-fachadas-y-encimeras\" src=\"https:\/\/www.pymalmansa.com\/wp-content\/uploads\/dekton-materiales-para-revestimientos-suelos-y-pavimentos-fachadas-y-encimeras.jpg\" class=\"img-responsive wp-image-144\" srcset=\"https:\/\/www.pymalmansa.com\/wp-content\/uploads\/dekton-materiales-para-revestimientos-suelos-y-pavimentos-fachadas-y-encimeras-150x43.jpg 150w, https:\/\/www.pymalmansa.com\/wp-content\/uploads\/dekton-materiales-para-revestimientos-suelos-y-pavimentos-fachadas-y-encimeras-300x86.jpg 300w, https:\/\/www.pymalmansa.com\/wp-content\/uploads\/dekton-materiales-para-revestimientos-suelos-y-pavimentos-fachadas-y-encimeras-1024x294.jpg 1024w, https:\/\/www.pymalmansa.com\/wp-content\/uploads\/dekton-materiales-para-revestimientos-suelos-y-pavimentos-fachadas-y-encimeras.jpg 1500w\" sizes=\"(max-width: 1500px) 100vw, 1500px\" \/><\/span><\/div><div class=\"fusion-clearfix\"><\/div><\/div><\/div><div class=\"fusion-layout-column fusion_builder_column fusion-builder-column-1 fusion_builder_column_1_1 1_1 fusion-one-full fusion-column-first fusion-column-last\" style=\"--awb-bg-size:cover;\"><div class=\"fusion-column-wrapper fusion-flex-column-wrapper-legacy\"><div class=\"fusion-text fusion-text-1\"><h2>DEKTON<br \/>\nIdeal para encimeras de cocina, revestimientos y pavimentos<\/h2>\n<\/div><div class=\"fusion-clearfix\"><\/div><\/div><\/div><div class=\"fusion-layout-column fusion_builder_column fusion-builder-column-2 fusion_builder_column_1_1 1_1 fusion-one-full fusion-column-first fusion-column-last\" style=\"--awb-bg-size:cover;\"><div class=\"fusion-column-wrapper fusion-flex-column-wrapper-legacy\"><div class=\"fusion-text fusion-text-2\"><p style=\"text-align: justify;\"><strong>DEKTON<\/strong> es una superficie ultra compacta en la que utiliza la tecnolog\u00eda \u201cTSP\u201d en su fabricaci\u00f3n. Como resultado se obtiene un material altamente resistente al rayado, al calor y de porosidad cero. Ideal para su utilizaci\u00f3n en encimeras de cocina, escaleras, pavimentos y fachadas, dada su variedad de gruesos (0.8\/1.2\/2\/3 cm.)<\/p>\n<p style=\"text-align: justify;\"><strong>Alta resistencia a los rayos UV<\/strong><br \/>\nDekton es altamente resistente a los rayos ultravioleta (UV) y su color no degrada con el tiempo, lo que hace que sea un material perfecto tanto para interiores como para exteriores.<\/p>\n<p style=\"text-align: justify;\"><strong>Altamente resistente al rayado<\/strong><br \/>\nDekton es una superficie con alta resistencia al rayado. No se raya con los utensilios de uso dom\u00e9stico. No obstante, recomendamos el uso de tablas de corte para asi proteger los utensilios dom\u00e9sticos.<\/p>\n<p style=\"text-align: justify;\"><strong>Resistencia a las manchas<\/strong><br \/>\nDebido a su nula porosidad, la nueva superficie Dekton, es una superficie altamente resistente, tanto a las manchas ocasionales en el uso dom\u00e9stico como a los agentes qu\u00edmicos. Incluso las manchas m\u00e1s dif\u00edciles como las de vino, caf\u00e9, tinta y \u00f3xido se pueden limpiar f\u00e1cilmente. Las salpicaduras o gotas de productos de limpieza cotidianos como lej\u00eda, limpia tuber\u00edas o desengrasantes para hornos no producen da\u00f1o alguno al material.<\/p>\n<p style=\"text-align: justify;\"><strong>Alta resistencia al fuego y al calor<\/strong><br \/>\nDekton presenta una excelente resistencia a las altas temperaturas sin que se vea afectada su est\u00e9tica ni sus propiedades. Los utensilios calientes, electrodom\u00e9sticos, ollas y sartenes, se pueden colocar directamente sobre la superficie sin peligro ni da\u00f1o alguno.<\/p>\n<p style=\"text-align: justify;\"><strong>Resistencia a la abrasi\u00f3n<\/strong><br \/>\nDekton es incluso m\u00e1s resistente a la abrasi\u00f3n que el granito, lo cual lo convierte en la superficie ideal para aplicaciones en \u00e1reas de alto tr\u00e1nsito. Mientras que otras superficies muestran desgaste con el paso del tiempo, el acabado de Dekton perdurar\u00e1 durante toda la vida del producto y no necesitar\u00e1 ser reemplazado o retocado en ning\u00fan momento.<\/p>\n<p style=\"text-align: justify;\"><strong>Resistencia al hielo y deshielo<\/strong><br \/>\nEl bajo coeficiente de expansi\u00f3n t\u00e9rmico de Dekton hace que sea resistente al choque t\u00e9rmico, del paso del calor al fr\u00edo extremo. Su resistencia natural al hielo y al deshielo hace que sea un material perfecto incluso en los entornos m\u00e1s fr\u00edos y extremos.<\/p>\n<p style=\"text-align: justify;\"><strong>Gama de colores disponibles<\/strong><br \/>\n<a href=\"http:\/\/www.dekton.es\/colores\" target=\"_blank\" rel=\"noopener\">www.dekton.es\/colores<\/a><\/p>\n<\/div><div class=\"fusion-clearfix\"><\/div><\/div><\/div><\/div><\/div>\n","protected":false},"excerpt":{"rendered":"","protected":false},"author":1,"featured_media":0,"parent":0,"menu_order":6,"comment_status":"closed","ping_status":"closed","template":"","meta":{"footnotes":""},"yoast_head":"<!-- This site is optimized with the Yoast SEO plugin v22.3 - https:\/\/yoast.com\/wordpress\/plugins\/seo\/ -->\n<title>Dekton - Piedras y M\u00e1rmoles Almansa<\/title>\n<meta name=\"robots\" content=\"index, follow, max-snippet:-1, max-image-preview:large, max-video-preview:-1\" \/>\n<link rel=\"canonical\" href=\"https:\/\/www.pymalmansa.com\/es\/dekton-2\/\" \/>\n<meta property=\"og:locale\" content=\"es_ES\" \/>\n<meta property=\"og:type\" content=\"article\" \/>\n<meta property=\"og:title\" content=\"Dekton - Piedras y M\u00e1rmoles Almansa\" \/>\n<meta property=\"og:url\" content=\"https:\/\/www.pymalmansa.com\/es\/dekton-2\/\" \/>\n<meta property=\"og:site_name\" content=\"Piedras y M\u00e1rmoles Almansa\" \/>\n<meta property=\"article:modified_time\" content=\"2024-03-01T15:40:15+00:00\" \/>\n<meta property=\"og:image\" content=\"https:\/\/www.pymalmansa.com\/wp-content\/uploads\/dekton-materiales-para-revestimientos-suelos-y-pavimentos-fachadas-y-encimeras.jpg\" \/>\n<meta name=\"twitter:card\" content=\"summary_large_image\" \/>\n<meta name=\"twitter:label1\" content=\"Tiempo de lectura\" \/>\n\t<meta name=\"twitter:data1\" content=\"3 minutos\" \/>\n<script type=\"application\/ld+json\" class=\"yoast-schema-graph\">{\"@context\":\"https:\/\/schema.org\",\"@graph\":[{\"@type\":\"WebPage\",\"@id\":\"https:\/\/www.pymalmansa.com\/es\/dekton-2\/\",\"url\":\"https:\/\/www.pymalmansa.com\/es\/dekton-2\/\",\"name\":\"Dekton - Piedras y M\u00e1rmoles Almansa\",\"isPartOf\":{\"@id\":\"https:\/\/www.pymalmansa.com\/#website\"},\"primaryImageOfPage\":{\"@id\":\"https:\/\/www.pymalmansa.com\/es\/dekton-2\/#primaryimage\"},\"image\":{\"@id\":\"https:\/\/www.pymalmansa.com\/es\/dekton-2\/#primaryimage\"},\"thumbnailUrl\":\"https:\/\/www.pymalmansa.com\/wp-content\/uploads\/dekton-materiales-para-revestimientos-suelos-y-pavimentos-fachadas-y-encimeras.jpg\",\"datePublished\":\"2016-01-26T11:54:54+00:00\",\"dateModified\":\"2024-03-01T15:40:15+00:00\",\"breadcrumb\":{\"@id\":\"https:\/\/www.pymalmansa.com\/es\/dekton-2\/#breadcrumb\"},\"inLanguage\":\"es\",\"potentialAction\":[{\"@type\":\"ReadAction\",\"target\":[\"https:\/\/www.pymalmansa.com\/es\/dekton-2\/\"]}]},{\"@type\":\"ImageObject\",\"inLanguage\":\"es\",\"@id\":\"https:\/\/www.pymalmansa.com\/es\/dekton-2\/#primaryimage\",\"url\":\"https:\/\/www.pymalmansa.com\/wp-content\/uploads\/dekton-materiales-para-revestimientos-suelos-y-pavimentos-fachadas-y-encimeras.jpg\",\"contentUrl\":\"https:\/\/www.pymalmansa.com\/wp-content\/uploads\/dekton-materiales-para-revestimientos-suelos-y-pavimentos-fachadas-y-encimeras.jpg\",\"width\":1500,\"height\":430,\"caption\":\"Dekton, materiales para revestimientos, suelos y pavimentos, fachadas y encimeras\"},{\"@type\":\"BreadcrumbList\",\"@id\":\"https:\/\/www.pymalmansa.com\/es\/dekton-2\/#breadcrumb\",\"itemListElement\":[{\"@type\":\"ListItem\",\"position\":1,\"name\":\"Inici\",\"item\":\"https:\/\/www.pymalmansa.com\/es\/\"},{\"@type\":\"ListItem\",\"position\":2,\"name\":\"Dekton\"}]},{\"@type\":\"WebSite\",\"@id\":\"https:\/\/www.pymalmansa.com\/#website\",\"url\":\"https:\/\/www.pymalmansa.com\/\",\"name\":\"Piedras y M\u00e1rmoles Almansa\",\"description\":\"Altre lloc gestionat amb el WordPress\",\"potentialAction\":[{\"@type\":\"SearchAction\",\"target\":{\"@type\":\"EntryPoint\",\"urlTemplate\":\"https:\/\/www.pymalmansa.com\/?s={search_term_string}\"},\"query-input\":\"required name=search_term_string\"}],\"inLanguage\":\"es\"}]}<\/script>\n<!-- \/ Yoast SEO plugin. -->","yoast_head_json":{"title":"Dekton - Piedras y M\u00e1rmoles Almansa","robots":{"index":"index","follow":"follow","max-snippet":"max-snippet:-1","max-image-preview":"max-image-preview:large","max-video-preview":"max-video-preview:-1"},"canonical":"https:\/\/www.pymalmansa.com\/es\/dekton-2\/","og_locale":"es_ES","og_type":"article","og_title":"Dekton - Piedras y M\u00e1rmoles Almansa","og_url":"https:\/\/www.pymalmansa.com\/es\/dekton-2\/","og_site_name":"Piedras y M\u00e1rmoles Almansa","article_modified_time":"2024-03-01T15:40:15+00:00","og_image":[{"url":"https:\/\/www.pymalmansa.com\/wp-content\/uploads\/dekton-materiales-para-revestimientos-suelos-y-pavimentos-fachadas-y-encimeras.jpg"}],"twitter_card":"summary_large_image","twitter_misc":{"Tiempo de lectura":"3 minutos"},"schema":{"@context":"https:\/\/schema.org","@graph":[{"@type":"WebPage","@id":"https:\/\/www.pymalmansa.com\/es\/dekton-2\/","url":"https:\/\/www.pymalmansa.com\/es\/dekton-2\/","name":"Dekton - Piedras y M\u00e1rmoles Almansa","isPartOf":{"@id":"https:\/\/www.pymalmansa.com\/#website"},"primaryImageOfPage":{"@id":"https:\/\/www.pymalmansa.com\/es\/dekton-2\/#primaryimage"},"image":{"@id":"https:\/\/www.pymalmansa.com\/es\/dekton-2\/#primaryimage"},"thumbnailUrl":"https:\/\/www.pymalmansa.com\/wp-content\/uploads\/dekton-materiales-para-revestimientos-suelos-y-pavimentos-fachadas-y-encimeras.jpg","datePublished":"2016-01-26T11:54:54+00:00","dateModified":"2024-03-01T15:40:15+00:00","breadcrumb":{"@id":"https:\/\/www.pymalmansa.com\/es\/dekton-2\/#breadcrumb"},"inLanguage":"es","potentialAction":[{"@type":"ReadAction","target":["https:\/\/www.pymalmansa.com\/es\/dekton-2\/"]}]},{"@type":"ImageObject","inLanguage":"es","@id":"https:\/\/www.pymalmansa.com\/es\/dekton-2\/#primaryimage","url":"https:\/\/www.pymalmansa.com\/wp-content\/uploads\/dekton-materiales-para-revestimientos-suelos-y-pavimentos-fachadas-y-encimeras.jpg","contentUrl":"https:\/\/www.pymalmansa.com\/wp-content\/uploads\/dekton-materiales-para-revestimientos-suelos-y-pavimentos-fachadas-y-encimeras.jpg","width":1500,"height":430,"caption":"Dekton, materiales para revestimientos, suelos y pavimentos, fachadas y encimeras"},{"@type":"BreadcrumbList","@id":"https:\/\/www.pymalmansa.com\/es\/dekton-2\/#breadcrumb","itemListElement":[{"@type":"ListItem","position":1,"name":"Inici","item":"https:\/\/www.pymalmansa.com\/es\/"},{"@type":"ListItem","position":2,"name":"Dekton"}]},{"@type":"WebSite","@id":"https:\/\/www.pymalmansa.com\/#website","url":"https:\/\/www.pymalmansa.com\/","name":"Piedras y M\u00e1rmoles Almansa","description":"Altre lloc gestionat amb el WordPress","potentialAction":[{"@type":"SearchAction","target":{"@type":"EntryPoint","urlTemplate":"https:\/\/www.pymalmansa.com\/?s={search_term_string}"},"query-input":"required name=search_term_string"}],"inLanguage":"es"}]}},"_links":{"self":[{"href":"https:\/\/www.pymalmansa.com\/es\/wp-json\/wp\/v2\/pages\/154"}],"collection":[{"href":"https:\/\/www.pymalmansa.com\/es\/wp-json\/wp\/v2\/pages"}],"about":[{"href":"https:\/\/www.pymalmansa.com\/es\/wp-json\/wp\/v2\/types\/page"}],"author":[{"embeddable":true,"href":"https:\/\/www.pymalmansa.com\/es\/wp-json\/wp\/v2\/users\/1"}],"replies":[{"embeddable":true,"href":"https:\/\/www.pymalmansa.com\/es\/wp-json\/wp\/v2\/comments?post=154"}],"version-history":[{"count":5,"href":"https:\/\/www.pymalmansa.com\/es\/wp-json\/wp\/v2\/pages\/154\/revisions"}],"predecessor-version":[{"id":869,"href":"https:\/\/www.pymalmansa.com\/es\/wp-json\/wp\/v2\/pages\/154\/revisions\/869"}],"wp:attachment":[{"href":"https:\/\/www.pymalmansa.com\/es\/wp-json\/wp\/v2\/media?parent=154"}],"curies":[{"name":"wp","href":"https:\/\/api.w.org\/{rel}","templated":true}]}}